{"id":5339,"date":"2025-12-12T14:56:19","date_gmt":"2025-12-12T14:56:19","guid":{"rendered":"https:\/\/www.easyfrenchdesserts.com\/cookie-richtlinie\/"},"modified":"2026-02-27T14:09:30","modified_gmt":"2026-02-27T14:09:30","slug":"cookie-richtlinie","status":"publish","type":"page","link":"https:\/\/www.easyfrenchdesserts.com\/de\/cookie-richtlinie\/","title":{"rendered":"Cookie-Richtlinie"},"content":{"rendered":"\n<h1>Cookie-Richtlinie<\/h1>\n\n<p>Letzte Aktualisierung: <strong>Januar 2026<\/strong><\/p>\n\n<p>Zweck dieser Cookie-Richtlinie ist es, Sie klar und transparent \u00fcber die Verwendung von Cookies und anderen Tracking-Technologien durch <strong>Easy French Desserts<\/strong> ( <a href=\"https:\/\/easyfrenchdesserts.com\">easyfrenchdesserts.com<\/a> ) zu informieren.<\/p>\n\n<p>Beim Besuch unserer Website k\u00f6nnen Cookies auf Ihrem Ger\u00e4t (Computer, Tablet oder Smartphone) platziert werden, um das ordnungsgem\u00e4\u00dfe Funktionieren der Website zu gew\u00e4hrleisten, Ihr Surferlebnis zu verbessern, die Reichweite zu messen und Ihnen passende Werbeinhalte anzubieten.<\/p>\n\n<h2>1. Was ist ein Keks?<\/h2>\n\n<p>Ein Cookie ist eine kleine Textdatei, die beim Besuch einer Website auf Ihrem Ger\u00e4t gespeichert wird. Cookies erm\u00f6glichen es einer Website, einen Benutzer wiederzuerkennen, bestimmte Informationen (wie z. B. Browsereinstellungen) zu speichern und die Website-Nutzung zu analysieren. <\/p>\n\n<p>Cookies erm\u00f6glichen keine direkte pers\u00f6nliche Identifizierung, k\u00f6nnen aber Informationen \u00fcber Ihr Surfverhalten sammeln.<\/p>\n\n<h2>2. Warum verwenden wir Cookies?<\/h2>\n\n<p>Easy French Desserts verwendet Kekse f\u00fcr verschiedene Zwecke:<\/p>\n<ul>\n  <li>Gew\u00e4hrleisten Sie den technischen Betrieb und die Sicherheit des Standorts<\/li>\n  <li>Navigation und Benutzererfahrung verbessern<\/li>\n  <li>Website-Traffic und -Performance analysieren<\/li>\n  <li>Die Website wird durch Werbung finanziert.<\/li>\n<\/ul>\n\n<h2>3. Verwendete Cookie-Arten<\/h2>\n\n<h3>Unbedingt notwendige Cookies<\/h3>\n<p>Diese Cookies sind f\u00fcr die Funktionsf\u00e4higkeit der Website unerl\u00e4sslich. Sie erm\u00f6glichen den Zugriff auf Kernfunktionen, verwalten die Cookie-Einwilligung und gew\u00e4hrleisten die Sicherheit der Website. <\/p>\n\n<p>Diese Cookies ben\u00f6tigen keine vorherige Einwilligung und k\u00f6nnen nicht deaktiviert werden.<\/p>\n\n<h3>Cookies zur Reichweitenmessung (Google Analytics 4)<\/h3>\n<p>Wir verwenden <strong>Google Analytics 4 (GA4),<\/strong> um statistische Informationen \u00fcber die Nutzung der Website zu sammeln.<\/p>\n\n<p>Mithilfe dieser Cookies k\u00f6nnen wir insbesondere Folgendes erfahren:<\/p>\n<ul>\n  <li>Die meistbesuchten Seiten<\/li>\n  <li>Die durchschnittliche Besuchsdauer<\/li>\n  <li>Ger\u00e4tetyp und verwendeter Browser<\/li>\n  <li>Die ungef\u00e4hre geografische Herkunft der Besucher<\/li>\n<\/ul>\n\n<p>Die \u00fcber GA4 gesammelten Daten werden ausschlie\u00dflich zu Analyse- und Verbesserungszwecken der Website verwendet.<\/p>\n\n<h3>Werbe-Cookies (Google AdSense)<\/h3>\n<p>Easy French Desserts nutzt <strong>Google AdSense<\/strong> , um Werbung anzuzeigen.<\/p>\n\n<p>Diese Cookies k\u00f6nnen verwendet werden, um Folgendes anzuzeigen:<\/p>\n<ul>\n  <li>Nicht personalisierte Werbung<\/li>\n  <li>Personalisierte Werbung, basierend auf Ihrem Surfverhalten und Ihrer Einwilligung<\/li>\n<\/ul>\n\n<p>Google kann Cookies, wie beispielsweise den DoubleClick-Cookie, verwenden, um relevantere Anzeigen auszuliefern.<\/p>\n\n<h2>4. Einwilligungs- und Pr\u00e4ferenzmanagement<\/h2>\n\n<p>Bei Ihrem ersten Besuch auf unserer Website werden Sie durch ein Cookie-Banner \u00fcber die Verwendung von Cookies informiert und k\u00f6nnen Ihre Pr\u00e4ferenzen verwalten.<\/p>\n\n<p>Sie haben die M\u00f6glichkeit:<\/p>\n<ul>\n  <li>Alle Cookies akzeptieren<\/li>\n  <li>Nicht notwendige Cookies ablehnen<\/li>\n  <li>Passen Sie Ihre Auswahl nach Kategorie an.<\/li>\n<\/ul>\n\n<p>Ihre Einwilligung wird gespeichert und kann jederzeit ge\u00e4ndert oder widerrufen werden.<\/p>\n\n<h2>5. Cookies \u00fcber Ihren Browser verwalten<\/h2>\n\n<p>Sie k\u00f6nnen Ihren Browser auch so konfigurieren, dass er Cookies ablehnt oder l\u00f6scht. Die Einstellungen variieren je nach Browser (Chrome, Firefox, Safari, Edge usw.). <\/p>\n\n<p>Bitte beachten Sie, dass die Deaktivierung bestimmter Cookies die Funktionalit\u00e4t einiger Websites einschr\u00e4nken kann.<\/p>\n\n<h2>6. Von Drittanbietern platzierte Cookies<\/h2>\n\n<p>Einige Cookies werden von Drittanbietern, deren Dienste in die Website integriert sind, darunter Google, gesetzt. Easy French Desserts hat keine Kontrolle \u00fcber diese Cookies und empfiehlt Ihnen, die Datenschutzrichtlinien dieser Drittanbieter zu konsultieren. <\/p>\n\n<h2>7. Aktualisierung der Cookie-Richtlinie<\/h2>\n\n<p>Diese Cookie-Richtlinie kann jederzeit ge\u00e4ndert werden, um rechtlichen, technischen oder funktionalen \u00c4nderungen der Website Rechnung zu tragen. Alle \u00c4nderungen werden auf dieser Seite ver\u00f6ffentlicht. <\/p>\n\n<h2>8. Kontakt<\/h2>\n\n<p>Bei Fragen zu dieser Cookie-Richtlinie oder zur Verwaltung Ihrer personenbezogenen Daten k\u00f6nnen Sie uns unter folgender Adresse kontaktieren:<\/p>\n\n<p>\n<strong>E-Mail:<\/strong> <a href=\"mailto:contact@easyfrenchdesserts.com\">contact@easyfrenchdesserts.com<\/a>\n<\/p>\n\n","protected":false},"excerpt":{"rendered":"<p>Cookie-Richtlinie Letzte Aktualisierung: Januar 2026 Zweck dieser Cookie-Richtlinie ist es, Sie klar und transparent \u00fcber die Verwendung von Cookies und anderen Tracking-Technologien durch Easy French Desserts ( easyfrenchdesserts.com ) zu informieren. Beim Besuch unserer Website k\u00f6nnen Cookies auf Ihrem Ger\u00e4t (Computer, Tablet oder Smartphone) platziert werden, um das ordnungsgem\u00e4\u00dfe Funktionieren der Website zu gew\u00e4hrleisten, Ihr [&hellip;]<\/p>\n","protected":false},"author":1,"featured_media":0,"parent":0,"menu_order":0,"comment_status":"closed","ping_status":"closed","template":"","meta":{"_acf_changed":false,"footnotes":""},"class_list":["post-5339","page","type-page","status-publish","hentry"],"blocksy_meta":{"has_hero_section":"disabled","styles_descriptor":{"styles":{"desktop":"","tablet":"","mobile":""},"google_fonts":[],"version":6}},"acf":[],"yoast_head":"<!-- This site is optimized with the Yoast SEO plugin v27.4 - https:\/\/yoast.com\/product\/yoast-seo-wordpress\/ -->\n<title>Cookie-Richtlinie - Easy French Desserts<\/title>\n<meta name=\"robots\" content=\"index, follow, max-snippet:-1, max-image-preview:large, max-video-preview:-1\" \/>\n<link rel=\"canonical\" href=\"https:\/\/www.easyfrenchdesserts.com\/de\/cookie-richtlinie\/\" \/>\n<meta property=\"og:locale\" content=\"de_DE\" \/>\n<meta property=\"og:type\" content=\"article\" \/>\n<meta property=\"og:title\" content=\"Cookie-Richtlinie - Easy French Desserts\" \/>\n<meta property=\"og:description\" content=\"Cookie-Richtlinie Letzte Aktualisierung: Januar 2026 Zweck dieser Cookie-Richtlinie ist es, Sie klar und transparent \u00fcber die Verwendung von Cookies und anderen Tracking-Technologien durch Easy French Desserts ( easyfrenchdesserts.com ) zu informieren. Beim Besuch unserer Website k\u00f6nnen Cookies auf Ihrem Ger\u00e4t (Computer, Tablet oder Smartphone) platziert werden, um das ordnungsgem\u00e4\u00dfe Funktionieren der Website zu gew\u00e4hrleisten, Ihr [&hellip;]\" \/>\n<meta property=\"og:url\" content=\"https:\/\/www.easyfrenchdesserts.com\/de\/cookie-richtlinie\/\" \/>\n<meta property=\"og:site_name\" content=\"Easy French Desserts\" \/>\n<meta property=\"article:publisher\" content=\"https:\/\/www.facebook.com\/EasyFrenchDesserts\" \/>\n<meta property=\"article:modified_time\" content=\"2026-02-27T14:09:30+00:00\" \/>\n<meta name=\"twitter:card\" content=\"summary_large_image\" \/>\n<meta name=\"twitter:label1\" content=\"Gesch\u00e4tzte Lesezeit\" \/>\n\t<meta name=\"twitter:data1\" content=\"3\u00a0Minuten\" \/>\n<script type=\"application\/ld+json\" class=\"yoast-schema-graph\">{\"@context\":\"https:\\\/\\\/schema.org\",\"@graph\":[{\"@type\":\"WebPage\",\"@id\":\"https:\\\/\\\/www.easyfrenchdesserts.com\\\/de\\\/cookie-richtlinie\\\/\",\"url\":\"https:\\\/\\\/www.easyfrenchdesserts.com\\\/de\\\/cookie-richtlinie\\\/\",\"name\":\"Cookie-Richtlinie - Easy French Desserts\",\"isPartOf\":{\"@id\":\"https:\\\/\\\/www.easyfrenchdesserts.com\\\/de\\\/#website\"},\"datePublished\":\"2025-12-12T14:56:19+00:00\",\"dateModified\":\"2026-02-27T14:09:30+00:00\",\"breadcrumb\":{\"@id\":\"https:\\\/\\\/www.easyfrenchdesserts.com\\\/de\\\/cookie-richtlinie\\\/#breadcrumb\"},\"inLanguage\":\"de\",\"potentialAction\":[{\"@type\":\"ReadAction\",\"target\":[\"https:\\\/\\\/www.easyfrenchdesserts.com\\\/de\\\/cookie-richtlinie\\\/\"]}]},{\"@type\":\"BreadcrumbList\",\"@id\":\"https:\\\/\\\/www.easyfrenchdesserts.com\\\/de\\\/cookie-richtlinie\\\/#breadcrumb\",\"itemListElement\":[{\"@type\":\"ListItem\",\"position\":1,\"name\":\"Accueil\",\"item\":\"https:\\\/\\\/www.easyfrenchdesserts.com\\\/de\\\/home\\\/\"},{\"@type\":\"ListItem\",\"position\":2,\"name\":\"Cookie-Richtlinie\"}]},{\"@type\":\"WebSite\",\"@id\":\"https:\\\/\\\/www.easyfrenchdesserts.com\\\/de\\\/#website\",\"url\":\"https:\\\/\\\/www.easyfrenchdesserts.com\\\/de\\\/\",\"name\":\"Easy French Desserts\",\"description\":\"Des recettes de desserts simples et facile \u00e0 r\u00e9aliser\",\"publisher\":{\"@id\":\"https:\\\/\\\/www.easyfrenchdesserts.com\\\/de\\\/#organization\"},\"potentialAction\":[{\"@type\":\"SearchAction\",\"target\":{\"@type\":\"EntryPoint\",\"urlTemplate\":\"https:\\\/\\\/www.easyfrenchdesserts.com\\\/de\\\/?s={search_term_string}\"},\"query-input\":{\"@type\":\"PropertyValueSpecification\",\"valueRequired\":true,\"valueName\":\"search_term_string\"}}],\"inLanguage\":\"de\"},{\"@type\":\"Organization\",\"@id\":\"https:\\\/\\\/www.easyfrenchdesserts.com\\\/de\\\/#organization\",\"name\":\"Easy French Desserts\",\"url\":\"https:\\\/\\\/www.easyfrenchdesserts.com\\\/de\\\/\",\"logo\":{\"@type\":\"ImageObject\",\"inLanguage\":\"de\",\"@id\":\"https:\\\/\\\/www.easyfrenchdesserts.com\\\/de\\\/#\\\/schema\\\/logo\\\/image\\\/\",\"url\":\"https:\\\/\\\/www.easyfrenchdesserts.com\\\/wp-content\\\/uploads\\\/2025\\\/12\\\/EasyFrenchDesserts-copie-2.png\",\"contentUrl\":\"https:\\\/\\\/www.easyfrenchdesserts.com\\\/wp-content\\\/uploads\\\/2025\\\/12\\\/EasyFrenchDesserts-copie-2.png\",\"width\":460,\"height\":80,\"caption\":\"Easy French Desserts\"},\"image\":{\"@id\":\"https:\\\/\\\/www.easyfrenchdesserts.com\\\/de\\\/#\\\/schema\\\/logo\\\/image\\\/\"},\"sameAs\":[\"https:\\\/\\\/www.facebook.com\\\/EasyFrenchDesserts\",\"https:\\\/\\\/www.instagram.com\\\/easyfrenchdesserts\\\/\"]}]}<\/script>\n<!-- \/ Yoast SEO plugin. -->","yoast_head_json":{"title":"Cookie-Richtlinie - Easy French Desserts","robots":{"index":"index","follow":"follow","max-snippet":"max-snippet:-1","max-image-preview":"max-image-preview:large","max-video-preview":"max-video-preview:-1"},"canonical":"https:\/\/www.easyfrenchdesserts.com\/de\/cookie-richtlinie\/","og_locale":"de_DE","og_type":"article","og_title":"Cookie-Richtlinie - Easy French Desserts","og_description":"Cookie-Richtlinie Letzte Aktualisierung: Januar 2026 Zweck dieser Cookie-Richtlinie ist es, Sie klar und transparent \u00fcber die Verwendung von Cookies und anderen Tracking-Technologien durch Easy French Desserts ( easyfrenchdesserts.com ) zu informieren. Beim Besuch unserer Website k\u00f6nnen Cookies auf Ihrem Ger\u00e4t (Computer, Tablet oder Smartphone) platziert werden, um das ordnungsgem\u00e4\u00dfe Funktionieren der Website zu gew\u00e4hrleisten, Ihr [&hellip;]","og_url":"https:\/\/www.easyfrenchdesserts.com\/de\/cookie-richtlinie\/","og_site_name":"Easy French Desserts","article_publisher":"https:\/\/www.facebook.com\/EasyFrenchDesserts","article_modified_time":"2026-02-27T14:09:30+00:00","twitter_card":"summary_large_image","twitter_misc":{"Gesch\u00e4tzte Lesezeit":"3\u00a0Minuten"},"schema":{"@context":"https:\/\/schema.org","@graph":[{"@type":"WebPage","@id":"https:\/\/www.easyfrenchdesserts.com\/de\/cookie-richtlinie\/","url":"https:\/\/www.easyfrenchdesserts.com\/de\/cookie-richtlinie\/","name":"Cookie-Richtlinie - Easy French Desserts","isPartOf":{"@id":"https:\/\/www.easyfrenchdesserts.com\/de\/#website"},"datePublished":"2025-12-12T14:56:19+00:00","dateModified":"2026-02-27T14:09:30+00:00","breadcrumb":{"@id":"https:\/\/www.easyfrenchdesserts.com\/de\/cookie-richtlinie\/#breadcrumb"},"inLanguage":"de","potentialAction":[{"@type":"ReadAction","target":["https:\/\/www.easyfrenchdesserts.com\/de\/cookie-richtlinie\/"]}]},{"@type":"BreadcrumbList","@id":"https:\/\/www.easyfrenchdesserts.com\/de\/cookie-richtlinie\/#breadcrumb","itemListElement":[{"@type":"ListItem","position":1,"name":"Accueil","item":"https:\/\/www.easyfrenchdesserts.com\/de\/home\/"},{"@type":"ListItem","position":2,"name":"Cookie-Richtlinie"}]},{"@type":"WebSite","@id":"https:\/\/www.easyfrenchdesserts.com\/de\/#website","url":"https:\/\/www.easyfrenchdesserts.com\/de\/","name":"Easy French Desserts","description":"Des recettes de desserts simples et facile \u00e0 r\u00e9aliser","publisher":{"@id":"https:\/\/www.easyfrenchdesserts.com\/de\/#organization"},"potentialAction":[{"@type":"SearchAction","target":{"@type":"EntryPoint","urlTemplate":"https:\/\/www.easyfrenchdesserts.com\/de\/?s={search_term_string}"},"query-input":{"@type":"PropertyValueSpecification","valueRequired":true,"valueName":"search_term_string"}}],"inLanguage":"de"},{"@type":"Organization","@id":"https:\/\/www.easyfrenchdesserts.com\/de\/#organization","name":"Easy French Desserts","url":"https:\/\/www.easyfrenchdesserts.com\/de\/","logo":{"@type":"ImageObject","inLanguage":"de","@id":"https:\/\/www.easyfrenchdesserts.com\/de\/#\/schema\/logo\/image\/","url":"https:\/\/www.easyfrenchdesserts.com\/wp-content\/uploads\/2025\/12\/EasyFrenchDesserts-copie-2.png","contentUrl":"https:\/\/www.easyfrenchdesserts.com\/wp-content\/uploads\/2025\/12\/EasyFrenchDesserts-copie-2.png","width":460,"height":80,"caption":"Easy French Desserts"},"image":{"@id":"https:\/\/www.easyfrenchdesserts.com\/de\/#\/schema\/logo\/image\/"},"sameAs":["https:\/\/www.facebook.com\/EasyFrenchDesserts","https:\/\/www.instagram.com\/easyfrenchdesserts\/"]}]}},"_links":{"self":[{"href":"https:\/\/www.easyfrenchdesserts.com\/de\/wp-json\/wp\/v2\/pages\/5339","targetHints":{"allow":["GET"]}}],"collection":[{"href":"https:\/\/www.easyfrenchdesserts.com\/de\/wp-json\/wp\/v2\/pages"}],"about":[{"href":"https:\/\/www.easyfrenchdesserts.com\/de\/wp-json\/wp\/v2\/types\/page"}],"author":[{"embeddable":true,"href":"https:\/\/www.easyfrenchdesserts.com\/de\/wp-json\/wp\/v2\/users\/1"}],"replies":[{"embeddable":true,"href":"https:\/\/www.easyfrenchdesserts.com\/de\/wp-json\/wp\/v2\/comments?post=5339"}],"version-history":[{"count":1,"href":"https:\/\/www.easyfrenchdesserts.com\/de\/wp-json\/wp\/v2\/pages\/5339\/revisions"}],"predecessor-version":[{"id":5340,"href":"https:\/\/www.easyfrenchdesserts.com\/de\/wp-json\/wp\/v2\/pages\/5339\/revisions\/5340"}],"wp:attachment":[{"href":"https:\/\/www.easyfrenchdesserts.com\/de\/wp-json\/wp\/v2\/media?parent=5339"}],"curies":[{"name":"wp","href":"https:\/\/api.w.org\/{rel}","templated":true}]}}