{"id":5335,"date":"2025-11-23T14:43:04","date_gmt":"2025-11-23T14:43:04","guid":{"rendered":"https:\/\/www.easyfrenchdesserts.com\/datenschutzerklaerung\/"},"modified":"2026-02-27T14:08:20","modified_gmt":"2026-02-27T14:08:20","slug":"datenschutzerklaerung","status":"publish","type":"page","link":"https:\/\/www.easyfrenchdesserts.com\/de\/datenschutzerklaerung\/","title":{"rendered":"Datenschutzrichtlinie"},"content":{"rendered":"\n<h1>Datenschutzrichtlinie<\/h1>\n\n<p>Letzte Aktualisierung: <strong>Januar 2026<\/strong><\/p>\n\n<p>Willkommen bei <strong>Easy French Desserts<\/strong> ( <a href=\"https:\/\/easyfrenchdesserts.com\">easyfrenchdesserts.com<\/a> ). Der Schutz Ihrer pers\u00f6nlichen Daten ist uns wichtig. Diese Datenschutzerkl\u00e4rung erl\u00e4utert, welche Daten erhoben werden, wie sie verwendet werden und welche Rechte Sie haben.  <\/p>\n\n<h2>1. Gesammelte Daten<\/h2>\n\n<p>Wir erfassen m\u00f6glicherweise personenbezogene und nicht personenbezogene Daten, wenn Sie mit unserer Website interagieren, beispielsweise wenn Sie:<\/p>\n<ul>\n  <li>Kontaktieren Sie uns \u00fcber ein Formular oder per E-Mail.<\/li>\n  <li>St\u00f6bern Sie auf der Website und entdecken Sie unsere Inhalte.<\/li>\n<\/ul>\n\n<p>Die erhobenen Daten k\u00f6nnen Folgendes umfassen:<\/p>\n<ul>\n  <li>E-Mail-Adresse (falls Sie uns kontaktieren)<\/li>\n  <li>IP-Adresse<\/li>\n  <li>Browsertyp und verwendetes Ger\u00e4t<\/li>\n  <li>Besuchte Seiten, verweisende URL und Browserzeit<\/li>\n<\/ul>\n\n<h2>2. Nutzung der Daten<\/h2>\n\n<p>Die gesammelten Informationen werden verwendet f\u00fcr:<\/p>\n<ul>\n  <li>Gew\u00e4hrleisten Sie das ordnungsgem\u00e4\u00dfe Funktionieren der Website.<\/li>\n  <li>Verbessern Sie die Benutzererfahrung und die Qualit\u00e4t der Inhalte.<\/li>\n  <li>Beantwortung von Nachrichten und Anfragen<\/li>\n  <li>Website-Traffic und -Nutzung analysieren<\/li>\n  <li>Werbeinhalte anzeigen<\/li>\n<\/ul>\n\n<h2>3. Cookies und Tracking-Technologien<\/h2>\n\n<p>Easy French Desserts verwendet Cookies und \u00e4hnliche Technologien, um Ihr Surferlebnis zu verbessern und die Leistung der Website zu analysieren.<\/p>\n\n<p>Cookies k\u00f6nnen f\u00fcr Folgendes verwendet werden:<\/p>\n<ul>\n  <li>Verstehen, wie Besucher die Website nutzen<\/li>\n  <li>Messung des Publikums- und Nutzerverhaltens<\/li>\n  <li>Um den Betrieb von Werbe- und Analysediensten zu erm\u00f6glichen<\/li>\n<\/ul>\n\n<p>Sie k\u00f6nnen Cookies jederzeit in Ihren Browsereinstellungen deaktivieren. Bitte beachten Sie, dass dies die Funktionalit\u00e4t einiger Website-Funktionen beeintr\u00e4chtigen kann. <\/p>\n\n<h2>4. Google Analytics 4 (GA4)<\/h2>\n\n<p>Easy French Desserts verwendet <strong>Google Analytics 4 (GA4)<\/strong> , einen Webanalysedienst der Google LLC.<\/p>\n\n<p>GA4 verwendet Cookies und \u00e4hnliche Technologien, um anonymisierte Daten zur Website-Nutzung zu erfassen. Diese Informationen erm\u00f6glichen es uns, das Besucherverhalten besser zu verstehen und unsere Inhalte zu verbessern. <\/p>\n\n<p>Die erhobenen Daten k\u00f6nnen Folgendes umfassen:<\/p>\n<ul>\n  <li>Seitenaufrufe<\/li>\n  <li>Dauer der Besuche<\/li>\n  <li>Ger\u00e4te- und Browserinformationen<\/li>\n  <li>Ungef\u00e4hre geografische Lage<\/li>\n<\/ul>\n\n<h2>5. Google AdSense<\/h2>\n\n<p>Easy French Desserts nutzt <strong>Google AdSense<\/strong> , einen Werbedienst der Google LLC.<\/p>\n\n<p>Google AdSense verwendet Cookies, einschlie\u00dflich des DoubleClick-Cookies, um Ihnen relevante Anzeigen basierend auf Ihren Besuchen auf dieser und anderen Websites anzuzeigen.<\/p>\n\n<p>Mithilfe dieser Cookies k\u00f6nnen Google und seine Partner Ihnen personalisierte oder nicht personalisierte Werbung basierend auf Ihren Pr\u00e4ferenzen anbieten.<\/p>\n\n<p>Personalisierte Werbung l\u00e4sst sich in den Anzeigeneinstellungen von Google deaktivieren.<\/p>\n\n<h2>6. Datenschutzrichtlinien von Drittanbietern<\/h2>\n\n<p>Die Datenschutzrichtlinie von Easy French Desserts gilt nicht f\u00fcr andere Werbetreibende oder Websites Dritter. Wir empfehlen Ihnen, deren jeweilige Datenschutzrichtlinien zu lesen, um weitere Informationen \u00fcber deren Vorgehensweise zu erhalten. <\/p>\n\n<h2>7. Nutzerrechte (DSGVO)<\/h2>\n\n<p>Gem\u00e4\u00df der Datenschutz-Grundverordnung (DSGVO) haben Sie folgende Rechte:<\/p>\n<ul>\n  <li>Recht auf Auskunft \u00fcber Ihre personenbezogenen Daten<\/li>\n  <li>Recht auf Berichtigung<\/li>\n  <li>Recht auf L\u00f6schung (Recht auf Vergessenwerden)<\/li>\n  <li>Recht auf Einschr\u00e4nkung der Verarbeitung<\/li>\n  <li>Recht auf Widerspruch gegen die Verarbeitung<\/li>\n  <li>Recht auf Daten\u00fcbertragbarkeit<\/li>\n<\/ul>\n\n<p>Um diese Rechte auszu\u00fcben, k\u00f6nnen Sie uns kontaktieren. Wir verpflichten uns, Ihnen innerhalb von maximal einem Monat zu antworten. <\/p>\n\n<h2>8. Daten der Kinder<\/h2>\n\n<p>Easy French Desserts erhebt wissentlich keine personenbezogenen Daten von Kindern unter 13 Jahren. Sollten Sie der Ansicht sein, dass Ihr Kind uns personenbezogene Daten \u00fcbermittelt hat, kontaktieren Sie uns bitte, damit wir diese l\u00f6schen k\u00f6nnen. <\/p>\n\n<h2>9. Datenaufbewahrung<\/h2>\n\n<p>Personenbezogene Daten werden nur so lange aufbewahrt, wie es f\u00fcr die in dieser Richtlinie beschriebenen Zwecke erforderlich ist, es sei denn, gesetzlich ist etwas anderes vorgeschrieben.<\/p>\n\n<h2>10. \u00c4nderungen der Datenschutzrichtlinie<\/h2>\n\n<p>Diese Datenschutzrichtlinie kann jederzeit ge\u00e4ndert werden. Aktualisierungen werden auf dieser Seite mit Angabe des \u00c4nderungsdatums ver\u00f6ffentlicht. <\/p>\n\n<h2>11. Kontakt<\/h2>\n\n<p>Bei Fragen zu dieser Datenschutzerkl\u00e4rung oder zur Verarbeitung Ihrer personenbezogenen Daten k\u00f6nnen Sie uns unter folgender Adresse kontaktieren:<\/p>\n\n<p>\n<strong>E-Mail:<\/strong> <a href=\"mailto:contact@easyfrenchdesserts.com\">contact@easyfrenchdesserts.com<\/a>\n<\/p>\n\n","protected":false},"excerpt":{"rendered":"<p>Datenschutzrichtlinie Letzte Aktualisierung: Januar 2026 Willkommen bei Easy French Desserts ( easyfrenchdesserts.com ). Der Schutz Ihrer pers\u00f6nlichen Daten ist uns wichtig. Diese Datenschutzerkl\u00e4rung erl\u00e4utert, welche Daten erhoben werden, wie sie verwendet werden und welche Rechte Sie haben. 1. Gesammelte Daten Wir erfassen m\u00f6glicherweise personenbezogene und nicht personenbezogene Daten, wenn Sie mit unserer Website interagieren, beispielsweise [&hellip;]<\/p>\n","protected":false},"author":1,"featured_media":0,"parent":0,"menu_order":0,"comment_status":"closed","ping_status":"open","template":"","meta":{"_acf_changed":false,"footnotes":""},"class_list":["post-5335","page","type-page","status-publish","hentry"],"blocksy_meta":{"has_hero_section":"disabled","styles_descriptor":{"styles":{"desktop":"","tablet":"","mobile":""},"google_fonts":[],"version":6}},"acf":[],"yoast_head":"<!-- This site is optimized with the Yoast SEO plugin v27.4 - https:\/\/yoast.com\/product\/yoast-seo-wordpress\/ -->\n<title>Datenschutzrichtlinie - Easy French Desserts<\/title>\n<meta name=\"robots\" content=\"index, follow, max-snippet:-1, max-image-preview:large, max-video-preview:-1\" \/>\n<link rel=\"canonical\" href=\"https:\/\/www.easyfrenchdesserts.com\/de\/datenschutzerklaerung\/\" \/>\n<meta property=\"og:locale\" content=\"de_DE\" \/>\n<meta property=\"og:type\" content=\"article\" \/>\n<meta property=\"og:title\" content=\"Datenschutzrichtlinie - Easy French Desserts\" \/>\n<meta property=\"og:description\" content=\"Datenschutzrichtlinie Letzte Aktualisierung: Januar 2026 Willkommen bei Easy French Desserts ( easyfrenchdesserts.com ). Der Schutz Ihrer pers\u00f6nlichen Daten ist uns wichtig. Diese Datenschutzerkl\u00e4rung erl\u00e4utert, welche Daten erhoben werden, wie sie verwendet werden und welche Rechte Sie haben. 1. Gesammelte Daten Wir erfassen m\u00f6glicherweise personenbezogene und nicht personenbezogene Daten, wenn Sie mit unserer Website interagieren, beispielsweise [&hellip;]\" \/>\n<meta property=\"og:url\" content=\"https:\/\/www.easyfrenchdesserts.com\/de\/datenschutzerklaerung\/\" \/>\n<meta property=\"og:site_name\" content=\"Easy French Desserts\" \/>\n<meta property=\"article:publisher\" content=\"https:\/\/www.facebook.com\/EasyFrenchDesserts\" \/>\n<meta property=\"article:modified_time\" content=\"2026-02-27T14:08:20+00:00\" \/>\n<meta name=\"twitter:card\" content=\"summary_large_image\" \/>\n<meta name=\"twitter:label1\" content=\"Gesch\u00e4tzte Lesezeit\" \/>\n\t<meta name=\"twitter:data1\" content=\"3\u00a0Minuten\" \/>\n<script type=\"application\/ld+json\" class=\"yoast-schema-graph\">{\"@context\":\"https:\\\/\\\/schema.org\",\"@graph\":[{\"@type\":\"WebPage\",\"@id\":\"https:\\\/\\\/www.easyfrenchdesserts.com\\\/de\\\/datenschutzerklaerung\\\/\",\"url\":\"https:\\\/\\\/www.easyfrenchdesserts.com\\\/de\\\/datenschutzerklaerung\\\/\",\"name\":\"Datenschutzrichtlinie - Easy French Desserts\",\"isPartOf\":{\"@id\":\"https:\\\/\\\/www.easyfrenchdesserts.com\\\/de\\\/#website\"},\"datePublished\":\"2025-11-23T14:43:04+00:00\",\"dateModified\":\"2026-02-27T14:08:20+00:00\",\"breadcrumb\":{\"@id\":\"https:\\\/\\\/www.easyfrenchdesserts.com\\\/de\\\/datenschutzerklaerung\\\/#breadcrumb\"},\"inLanguage\":\"de\",\"potentialAction\":[{\"@type\":\"ReadAction\",\"target\":[\"https:\\\/\\\/www.easyfrenchdesserts.com\\\/de\\\/datenschutzerklaerung\\\/\"]}]},{\"@type\":\"BreadcrumbList\",\"@id\":\"https:\\\/\\\/www.easyfrenchdesserts.com\\\/de\\\/datenschutzerklaerung\\\/#breadcrumb\",\"itemListElement\":[{\"@type\":\"ListItem\",\"position\":1,\"name\":\"Accueil\",\"item\":\"https:\\\/\\\/www.easyfrenchdesserts.com\\\/de\\\/home\\\/\"},{\"@type\":\"ListItem\",\"position\":2,\"name\":\"Datenschutzrichtlinie\"}]},{\"@type\":\"WebSite\",\"@id\":\"https:\\\/\\\/www.easyfrenchdesserts.com\\\/de\\\/#website\",\"url\":\"https:\\\/\\\/www.easyfrenchdesserts.com\\\/de\\\/\",\"name\":\"Easy French Desserts\",\"description\":\"Des recettes de desserts simples et facile \u00e0 r\u00e9aliser\",\"publisher\":{\"@id\":\"https:\\\/\\\/www.easyfrenchdesserts.com\\\/de\\\/#organization\"},\"potentialAction\":[{\"@type\":\"SearchAction\",\"target\":{\"@type\":\"EntryPoint\",\"urlTemplate\":\"https:\\\/\\\/www.easyfrenchdesserts.com\\\/de\\\/?s={search_term_string}\"},\"query-input\":{\"@type\":\"PropertyValueSpecification\",\"valueRequired\":true,\"valueName\":\"search_term_string\"}}],\"inLanguage\":\"de\"},{\"@type\":\"Organization\",\"@id\":\"https:\\\/\\\/www.easyfrenchdesserts.com\\\/de\\\/#organization\",\"name\":\"Easy French Desserts\",\"url\":\"https:\\\/\\\/www.easyfrenchdesserts.com\\\/de\\\/\",\"logo\":{\"@type\":\"ImageObject\",\"inLanguage\":\"de\",\"@id\":\"https:\\\/\\\/www.easyfrenchdesserts.com\\\/de\\\/#\\\/schema\\\/logo\\\/image\\\/\",\"url\":\"https:\\\/\\\/www.easyfrenchdesserts.com\\\/wp-content\\\/uploads\\\/2025\\\/12\\\/EasyFrenchDesserts-copie-2.png\",\"contentUrl\":\"https:\\\/\\\/www.easyfrenchdesserts.com\\\/wp-content\\\/uploads\\\/2025\\\/12\\\/EasyFrenchDesserts-copie-2.png\",\"width\":460,\"height\":80,\"caption\":\"Easy French Desserts\"},\"image\":{\"@id\":\"https:\\\/\\\/www.easyfrenchdesserts.com\\\/de\\\/#\\\/schema\\\/logo\\\/image\\\/\"},\"sameAs\":[\"https:\\\/\\\/www.facebook.com\\\/EasyFrenchDesserts\",\"https:\\\/\\\/www.instagram.com\\\/easyfrenchdesserts\\\/\"]}]}<\/script>\n<!-- \/ Yoast SEO plugin. -->","yoast_head_json":{"title":"Datenschutzrichtlinie - Easy French Desserts","robots":{"index":"index","follow":"follow","max-snippet":"max-snippet:-1","max-image-preview":"max-image-preview:large","max-video-preview":"max-video-preview:-1"},"canonical":"https:\/\/www.easyfrenchdesserts.com\/de\/datenschutzerklaerung\/","og_locale":"de_DE","og_type":"article","og_title":"Datenschutzrichtlinie - Easy French Desserts","og_description":"Datenschutzrichtlinie Letzte Aktualisierung: Januar 2026 Willkommen bei Easy French Desserts ( easyfrenchdesserts.com ). Der Schutz Ihrer pers\u00f6nlichen Daten ist uns wichtig. Diese Datenschutzerkl\u00e4rung erl\u00e4utert, welche Daten erhoben werden, wie sie verwendet werden und welche Rechte Sie haben. 1. Gesammelte Daten Wir erfassen m\u00f6glicherweise personenbezogene und nicht personenbezogene Daten, wenn Sie mit unserer Website interagieren, beispielsweise [&hellip;]","og_url":"https:\/\/www.easyfrenchdesserts.com\/de\/datenschutzerklaerung\/","og_site_name":"Easy French Desserts","article_publisher":"https:\/\/www.facebook.com\/EasyFrenchDesserts","article_modified_time":"2026-02-27T14:08:20+00:00","twitter_card":"summary_large_image","twitter_misc":{"Gesch\u00e4tzte Lesezeit":"3\u00a0Minuten"},"schema":{"@context":"https:\/\/schema.org","@graph":[{"@type":"WebPage","@id":"https:\/\/www.easyfrenchdesserts.com\/de\/datenschutzerklaerung\/","url":"https:\/\/www.easyfrenchdesserts.com\/de\/datenschutzerklaerung\/","name":"Datenschutzrichtlinie - Easy French Desserts","isPartOf":{"@id":"https:\/\/www.easyfrenchdesserts.com\/de\/#website"},"datePublished":"2025-11-23T14:43:04+00:00","dateModified":"2026-02-27T14:08:20+00:00","breadcrumb":{"@id":"https:\/\/www.easyfrenchdesserts.com\/de\/datenschutzerklaerung\/#breadcrumb"},"inLanguage":"de","potentialAction":[{"@type":"ReadAction","target":["https:\/\/www.easyfrenchdesserts.com\/de\/datenschutzerklaerung\/"]}]},{"@type":"BreadcrumbList","@id":"https:\/\/www.easyfrenchdesserts.com\/de\/datenschutzerklaerung\/#breadcrumb","itemListElement":[{"@type":"ListItem","position":1,"name":"Accueil","item":"https:\/\/www.easyfrenchdesserts.com\/de\/home\/"},{"@type":"ListItem","position":2,"name":"Datenschutzrichtlinie"}]},{"@type":"WebSite","@id":"https:\/\/www.easyfrenchdesserts.com\/de\/#website","url":"https:\/\/www.easyfrenchdesserts.com\/de\/","name":"Easy French Desserts","description":"Des recettes de desserts simples et facile \u00e0 r\u00e9aliser","publisher":{"@id":"https:\/\/www.easyfrenchdesserts.com\/de\/#organization"},"potentialAction":[{"@type":"SearchAction","target":{"@type":"EntryPoint","urlTemplate":"https:\/\/www.easyfrenchdesserts.com\/de\/?s={search_term_string}"},"query-input":{"@type":"PropertyValueSpecification","valueRequired":true,"valueName":"search_term_string"}}],"inLanguage":"de"},{"@type":"Organization","@id":"https:\/\/www.easyfrenchdesserts.com\/de\/#organization","name":"Easy French Desserts","url":"https:\/\/www.easyfrenchdesserts.com\/de\/","logo":{"@type":"ImageObject","inLanguage":"de","@id":"https:\/\/www.easyfrenchdesserts.com\/de\/#\/schema\/logo\/image\/","url":"https:\/\/www.easyfrenchdesserts.com\/wp-content\/uploads\/2025\/12\/EasyFrenchDesserts-copie-2.png","contentUrl":"https:\/\/www.easyfrenchdesserts.com\/wp-content\/uploads\/2025\/12\/EasyFrenchDesserts-copie-2.png","width":460,"height":80,"caption":"Easy French Desserts"},"image":{"@id":"https:\/\/www.easyfrenchdesserts.com\/de\/#\/schema\/logo\/image\/"},"sameAs":["https:\/\/www.facebook.com\/EasyFrenchDesserts","https:\/\/www.instagram.com\/easyfrenchdesserts\/"]}]}},"_links":{"self":[{"href":"https:\/\/www.easyfrenchdesserts.com\/de\/wp-json\/wp\/v2\/pages\/5335","targetHints":{"allow":["GET"]}}],"collection":[{"href":"https:\/\/www.easyfrenchdesserts.com\/de\/wp-json\/wp\/v2\/pages"}],"about":[{"href":"https:\/\/www.easyfrenchdesserts.com\/de\/wp-json\/wp\/v2\/types\/page"}],"author":[{"embeddable":true,"href":"https:\/\/www.easyfrenchdesserts.com\/de\/wp-json\/wp\/v2\/users\/1"}],"replies":[{"embeddable":true,"href":"https:\/\/www.easyfrenchdesserts.com\/de\/wp-json\/wp\/v2\/comments?post=5335"}],"version-history":[{"count":1,"href":"https:\/\/www.easyfrenchdesserts.com\/de\/wp-json\/wp\/v2\/pages\/5335\/revisions"}],"predecessor-version":[{"id":5336,"href":"https:\/\/www.easyfrenchdesserts.com\/de\/wp-json\/wp\/v2\/pages\/5335\/revisions\/5336"}],"wp:attachment":[{"href":"https:\/\/www.easyfrenchdesserts.com\/de\/wp-json\/wp\/v2\/media?parent=5335"}],"curies":[{"name":"wp","href":"https:\/\/api.w.org\/{rel}","templated":true}]}}