{"id":5296,"date":"2026-01-08T15:05:30","date_gmt":"2026-01-08T15:05:30","guid":{"rendered":"https:\/\/www.easyfrenchdesserts.com\/financiers\/"},"modified":"2026-02-27T15:47:50","modified_gmt":"2026-02-27T15:47:50","slug":"financiers","status":"publish","type":"page","link":"https:\/\/www.easyfrenchdesserts.com\/de\/financiers\/","title":{"rendered":"Franz\u00f6sische Financiers"},"content":{"rendered":"<style>.kb-row-layout-id3243_1db2c8-16 > .kt-row-column-wrap{align-content:start;}:where(.kb-row-layout-id3243_1db2c8-16 > .kt-row-column-wrap) > .wp-block-kadence-column{justify-content:start;}.kb-row-layout-id3243_1db2c8-16 > .kt-row-column-wrap{column-gap:var(--global-kb-gap-md, 2rem);row-gap:var(--global-kb-gap-md, 2rem);max-width:1290px;margin-left:auto;margin-right:auto;padding-bottom:var(--global-kb-spacing-sm, 1.5rem);grid-template-columns:minmax(0, 1fr);}.kb-row-layout-id3243_1db2c8-16 > .kt-row-layout-overlay{opacity:0.30;}.kb-row-layout-id3243_1db2c8-16{z-index:1;position:relative;}@media all and (max-width: 1024px){.kb-row-layout-id3243_1db2c8-16 > .kt-row-column-wrap{grid-template-columns:minmax(0, 1fr);}}@media all and (max-width: 767px){.kb-row-layout-id3243_1db2c8-16 > .kt-row-column-wrap{grid-template-columns:minmax(0, 1fr);}}<\/style><div class=\"kb-row-layout-wrap kb-row-layout-id3243_1db2c8-16 alignfull wp-block-kadence-rowlayout\"><div class=\"kt-blocks-carousel kb-blocks-bg-slider kt-carousel-container-dotstyle-dark\"><div class=\"kt-blocks-carousel-init splide kb-blocks-bg-slider-init kt-carousel-arrowstyle-none kt-carousel-dotstyle-dark\" data-slider-anim-speed=\"400\" data-slider-type=\"slider\" data-slider-scroll=\"1\" data-slider-arrows=\"false\" data-slider-fade=\"true\" data-slider-dots=\"true\" data-slider-hover-pause=\"false\" data-slider-auto=\"true\" data-slider-speed=\"7000\" data-show-pause-button=\"false\"><div class=\"splide__track\"><ul class=\"splide__list\"><li class=\"splide__slide kb-bg-slide-contain\"><div  class=\"kb-bg-slide kb-bg-slide-0\" style=\"\"><\/div><\/li><\/ul><\/div><\/div><\/div><div class=\"kt-row-column-wrap kt-has-1-columns kt-row-layout-equal kt-tab-layout-inherit kt-mobile-layout-row kt-row-valign-top\">\n<style>.kadence-column3243_fbfe76-85 > .kt-inside-inner-col,.kadence-column3243_fbfe76-85 > .kt-inside-inner-col:before{border-top-left-radius:0px;border-top-right-radius:0px;border-bottom-right-radius:0px;border-bottom-left-radius:0px;}.kadence-column3243_fbfe76-85 > .kt-inside-inner-col{column-gap:var(--global-kb-gap-sm, 1rem);}.kadence-column3243_fbfe76-85 > .kt-inside-inner-col{flex-direction:column;}.kadence-column3243_fbfe76-85 > .kt-inside-inner-col > .aligncenter{width:100%;}.kadence-column3243_fbfe76-85 > .kt-inside-inner-col:before{opacity:0.3;}.kadence-column3243_fbfe76-85{position:relative;}@media all and (max-width: 1024px){.kadence-column3243_fbfe76-85 > .kt-inside-inner-col{flex-direction:column;justify-content:center;}}@media all and (max-width: 767px){.kadence-column3243_fbfe76-85 > .kt-inside-inner-col{flex-direction:column;justify-content:center;}}<\/style>\n<div class=\"wp-block-kadence-column kadence-column3243_fbfe76-85\"><div class=\"kt-inside-inner-col\"><div class=\"yoast-breadcrumbs\"><span><span><a href=\"https:\/\/www.easyfrenchdesserts.com\/de\/home\/\">Accueil<\/a><\/span> \u00bb <span class=\"breadcrumb_last\" aria-current=\"page\">Franz\u00f6sische Financiers<\/span><\/span><\/div>\n\n<style>.wp-block-kadence-advancedheading.kt-adv-heading3243_54864a-04, .wp-block-kadence-advancedheading.kt-adv-heading3243_54864a-04[data-kb-block=\"kb-adv-heading3243_54864a-04\"]{max-width:600px;margin-right:auto;margin-left:auto;margin-top:var(--global-kb-spacing-xs, 1rem);text-align:center;font-weight:bold;font-style:normal;}.wp-block-kadence-advancedheading.kt-adv-heading3243_54864a-04 mark.kt-highlight, .wp-block-kadence-advancedheading.kt-adv-heading3243_54864a-04[data-kb-block=\"kb-adv-heading3243_54864a-04\"] mark.kt-highlight{font-style:normal;color:#f76a0c;-webkit-box-decoration-break:clone;box-decoration-break:clone;padding-top:0px;padding-right:0px;padding-bottom:0px;padding-left:0px;}.wp-block-kadence-advancedheading.kt-adv-heading3243_54864a-04 img.kb-inline-image, .wp-block-kadence-advancedheading.kt-adv-heading3243_54864a-04[data-kb-block=\"kb-adv-heading3243_54864a-04\"] img.kb-inline-image{width:150px;vertical-align:baseline;}<\/style>\n<h1 class=\"kt-adv-heading3243_54864a-04 wp-block-kadence-advancedheading\" data-kb-block=\"kb-adv-heading3243_54864a-04\">Financiers: Sanfte Rezepte und Geheimnisse der braunen Butter \ud83e\udd67<\/h1>\n\n\n<style>.wp-block-kadence-advancedheading.kt-adv-heading3243_5bb477-5a, .wp-block-kadence-advancedheading.kt-adv-heading3243_5bb477-5a[data-kb-block=\"kb-adv-heading3243_5bb477-5a\"]{text-align:center;font-style:normal;}.wp-block-kadence-advancedheading.kt-adv-heading3243_5bb477-5a mark.kt-highlight, .wp-block-kadence-advancedheading.kt-adv-heading3243_5bb477-5a[data-kb-block=\"kb-adv-heading3243_5bb477-5a\"] mark.kt-highlight{font-style:normal;color:#f76a0c;-webkit-box-decoration-break:clone;box-decoration-break:clone;padding-top:0px;padding-right:0px;padding-bottom:0px;padding-left:0px;}.wp-block-kadence-advancedheading.kt-adv-heading3243_5bb477-5a img.kb-inline-image, .wp-block-kadence-advancedheading.kt-adv-heading3243_5bb477-5a[data-kb-block=\"kb-adv-heading3243_5bb477-5a\"] img.kb-inline-image{width:150px;vertical-align:baseline;}<\/style>\n<p class=\"kt-adv-heading3243_5bb477-5a wp-block-kadence-advancedheading\" data-kb-block=\"kb-adv-heading3243_5bb477-5a\">Der Financier ist der Inbegriff eines Petit Four: zartschmelzend, mit feinem Mandelgeschmack und der ber\u00fchmten braunen Butter, die den Unterschied ausmacht. Ob Sie das traditionelle Rezept oder originellere Varianten mit Pistazien, Schokolade oder Fr\u00fcchten suchen \u2013 entdecken Sie unsere Tipps f\u00fcr die Zubereitung dieser gelingsicheren und herrlich saftigen Leckereien. <\/p>\n\n\n<style>.wp-block-kadence-advancedheading.kt-adv-heading3243_d47d83-68, .wp-block-kadence-advancedheading.kt-adv-heading3243_d47d83-68[data-kb-block=\"kb-adv-heading3243_d47d83-68\"]{max-width:600px;margin-top:var(--global-kb-spacing-sm, 1.5rem);margin-bottom:var(--global-kb-spacing-xs, 1rem);text-align:left;font-size:16px;font-weight:bold;font-style:normal;}.wp-block-kadence-advancedheading.kt-adv-heading3243_d47d83-68 mark.kt-highlight, .wp-block-kadence-advancedheading.kt-adv-heading3243_d47d83-68[data-kb-block=\"kb-adv-heading3243_d47d83-68\"] mark.kt-highlight{font-style:normal;color:#f76a0c;-webkit-box-decoration-break:clone;box-decoration-break:clone;padding-top:0px;padding-right:0px;padding-bottom:0px;padding-left:0px;}.wp-block-kadence-advancedheading.kt-adv-heading3243_d47d83-68 img.kb-inline-image, .wp-block-kadence-advancedheading.kt-adv-heading3243_d47d83-68[data-kb-block=\"kb-adv-heading3243_d47d83-68\"] img.kb-inline-image{width:150px;vertical-align:baseline;}<\/style>\n<div class=\"kt-adv-heading3243_d47d83-68 wp-block-kadence-advancedheading\" data-kb-block=\"kb-adv-heading3243_d47d83-68\">Toutes nos recettes de Financiers :<br\/><\/div>\n\n\n<style>.kb-posts-id-3243_420827-f5 .kb-post-list-item{display:grid;}<\/style><p>Keine Beitr\u00e4ge<\/p>\n\n<style>.kb-row-layout-id3243_0fcbaf-a2 > .kt-row-column-wrap{align-content:start;}:where(.kb-row-layout-id3243_0fcbaf-a2 > .kt-row-column-wrap) > .wp-block-kadence-column{justify-content:start;}.kb-row-layout-id3243_0fcbaf-a2 > .kt-row-column-wrap{column-gap:var(--global-kb-gap-md, 2rem);row-gap:var(--global-kb-gap-md, 2rem);padding-top:var(--global-kb-spacing-sm, 1.5rem);padding-bottom:var(--global-kb-spacing-sm, 1.5rem);grid-template-columns:minmax(0, 1fr);}.kb-row-layout-id3243_0fcbaf-a2 > .kt-row-layout-overlay{opacity:0.30;}@media all and (max-width: 1024px){.kb-row-layout-id3243_0fcbaf-a2 > .kt-row-column-wrap{grid-template-columns:minmax(0, 1fr);}}@media all and (max-width: 767px){.kb-row-layout-id3243_0fcbaf-a2 > .kt-row-column-wrap{grid-template-columns:minmax(0, 1fr);}}<\/style><div class=\"kb-row-layout-wrap kb-row-layout-id3243_0fcbaf-a2 alignnone wp-block-kadence-rowlayout\"><div class=\"kt-row-column-wrap kt-has-1-columns kt-row-layout-equal kt-tab-layout-inherit kt-mobile-layout-row kt-row-valign-top\">\n<style>.kadence-column3243_c2e29e-a4 > .kt-inside-inner-col,.kadence-column3243_c2e29e-a4 > .kt-inside-inner-col:before{border-top-left-radius:0px;border-top-right-radius:0px;border-bottom-right-radius:0px;border-bottom-left-radius:0px;}.kadence-column3243_c2e29e-a4 > .kt-inside-inner-col{column-gap:var(--global-kb-gap-sm, 1rem);}.kadence-column3243_c2e29e-a4 > .kt-inside-inner-col{flex-direction:column;}.kadence-column3243_c2e29e-a4 > .kt-inside-inner-col > .aligncenter{width:100%;}.kadence-column3243_c2e29e-a4 > .kt-inside-inner-col:before{opacity:0.3;}.kadence-column3243_c2e29e-a4{position:relative;}@media all and (max-width: 1024px){.kadence-column3243_c2e29e-a4 > .kt-inside-inner-col{flex-direction:column;justify-content:center;}}@media all and (max-width: 767px){.kadence-column3243_c2e29e-a4 > .kt-inside-inner-col{flex-direction:column;justify-content:center;}}<\/style>\n<div class=\"wp-block-kadence-column kadence-column3243_c2e29e-a4\"><div class=\"kt-inside-inner-col\">\n<div class=\"faq-section-wrapper\">\n    <h2 class=\"faq-main-title\">Alle Ihre Fragen zur Vorbereitung von Finanzexperten \ud83d\udc68\u200d\ud83c\udf73<\/h2>\n    <div class=\"faq-custom-styled\">\n        \n        <div class=\"faq-row\">\n            <button class=\"faq-trigger\">Warum wird braune Butter in Financiers verwendet?<\/button>\n            <div class=\"faq-content\">\n                <p><strong>Gebr\u00e4unte Butter<\/strong> ist die charakteristische Zutat des Financiers. Durch das Erhitzen der Butter, bis sie zischt und eine bernsteinfarbene Farbe annimmt, entwickelt sie ein unvergleichliches R\u00f6staroma von Haseln\u00fcssen. Dies verleiht dem Gericht eine aromatische Tiefe, die einfach geschmolzene Butter nicht bieten kann.  <\/p>\n            <\/div>\n        <\/div>\n        \n        <div class=\"faq-row\">\n            <button class=\"faq-trigger\">Muss das Eiwei\u00df f\u00fcr den Teig zu steifen Spitzen geschlagen werden?<\/button>\n            <div class=\"faq-content\">\n                <p>Nein, anders als bei anderen Keksen werden die Eiwei\u00dfe f\u00fcr Financiers <strong>\u201eungeschlagen\u201c verwendet.<\/strong> Man verquirlt sie einfach leicht mit einer Gabel oder einem Schneebesen, um sie aufzulockern, bevor man sie unter die trockenen Zutaten hebt. Dadurch entsteht die charakteristische dichte und saftige Krume.  <\/p>\n            <\/div>\n        <\/div>\n\n        <div class=\"faq-row\">\n            <button class=\"faq-trigger\">Wie bekommt man ein h\u00fcbsches Halsband oder ein sch\u00f6nes goldenes Oberteil?<\/button>\n            <div class=\"faq-content\">\n                <p>F\u00fcr eine sch\u00f6ne goldene Farbe heizen Sie Ihren Backofen auf eine relativ hohe Temperatur vor (ca. 180\u2013200 \u00b0C, je nach Ofen). Der Temperaturwechsel f\u00f6rdert die Bildung einer hellgoldenen Kruste, w\u00e4hrend der Keks innen sch\u00f6n weich bleibt. Achten Sie darauf, die F\u00f6rmchen nicht zu voll zu f\u00fcllen, damit die Kekse gleichm\u00e4\u00dfig backen.  <\/p>\n            <\/div>\n        <\/div>\n\n        <div class=\"faq-row\">\n            <button class=\"faq-trigger\">Welchen Vorteil hat es, den Teig im K\u00fchlschrank ruhen zu lassen?<\/button>\n            <div class=\"faq-content\">\n                <p>L\u00e4sst man den Teig ruhen (idealerweise einige Stunden oder \u00fcber Nacht), k\u00f6nnen die St\u00e4rke im Mehl und die trockenen Zutaten vollst\u00e4ndig quellen. Dadurch stabilisiert sich die Struktur des Financiers, das Aroma der braunen Butter entwickelt sich und nach dem Backen erh\u00e4lt man eine viel feinere und gleichm\u00e4\u00dfigere Textur. <\/p>\n            <\/div>\n        <\/div>\n\n        <div class=\"faq-row\">\n            <button class=\"faq-trigger\">Kann Mandelmehl durch eine andere Mehlsorte ersetzt werden?<\/button>\n            <div class=\"faq-content\">\n                <p>Absolut! Mandelmehl ist zwar die traditionelle Basis, aber Sie k\u00f6nnen es ganz oder teilweise durch <strong>Haselnuss-, Pistazien- oder sogar Walnussmehl<\/strong> ersetzen. So k\u00f6nnen Sie die Aromen variieren und gleichzeitig die zartschmelzende Konsistenz der Kekse beibehalten. Denken Sie nur daran, die Zuckermenge anzupassen, wenn Sie bereits ges\u00fc\u00dftes Mehl verwenden.   <\/p>\n            <\/div>\n        <\/div>\n\n        <div class=\"faq-row\">\n            <button class=\"faq-trigger\">Wie k\u00f6nnen wir verhindern, dass Finanzexperten in starren Strukturen verharren?<\/button>\n            <div class=\"faq-content\">\n                <p>Wenn Sie keine hochwertigen Silikonformen verwenden, ist es wichtig, Ihre Metallformen gr\u00fcndlich einzufetten, selbst wenn sie antihaftbeschichtet sind. F\u00fcr maximale Sicherheit k\u00f6nnen Sie sie einfetten und bemehlen oder ein professionelles Antihaft-Kochspray verwenden. Warten Sie immer 2 bis 3 Minuten, bevor Sie das Geb\u00e4ck aus der Form l\u00f6sen, damit die Textur etwas fester wird.  <\/p>\n            <\/div>\n        <\/div>\n\n    <\/div>\n<\/div>\n<\/div><\/div>\n\n<\/div><\/div><\/div><\/div>\n\n<\/div><\/div>","protected":false},"excerpt":{"rendered":"<p>Financiers: Sanfte Rezepte und Geheimnisse der braunen Butter \ud83e\udd67 Der Financier ist der Inbegriff eines Petit Four: zartschmelzend, mit feinem Mandelgeschmack und der ber\u00fchmten braunen Butter, die den Unterschied ausmacht. Ob Sie das traditionelle Rezept oder originellere Varianten mit Pistazien, Schokolade oder Fr\u00fcchten suchen \u2013 entdecken Sie unsere Tipps f\u00fcr die Zubereitung dieser gelingsicheren und [&hellip;]<\/p>\n","protected":false},"author":1,"featured_media":5297,"parent":0,"menu_order":0,"comment_status":"closed","ping_status":"closed","template":"","meta":{"_acf_changed":false,"footnotes":""},"class_list":["post-5296","page","type-page","status-publish","has-post-thumbnail","hentry"],"blocksy_meta":{"has_hero_section":"disabled","styles_descriptor":{"styles":{"desktop":"","tablet":"","mobile":""},"google_fonts":[],"version":6}},"acf":[],"yoast_head":"<!-- This site is optimized with the Yoast SEO plugin v27.4 - https:\/\/yoast.com\/product\/yoast-seo-wordpress\/ -->\n<title>Hausgemachte Financier-Rezepte \ud83d\udc68\u200d\ud83c\udf73: Das Geheimnis absoluter Zartheit<\/title>\n<meta name=\"description\" content=\"Wie gelingen Financiers, die so gut sind wie die vom B\u00e4cker? Entdecken Sie unsere besten Rezepte: klassisch mit Mandeln, Pistazien oder Schokolade...\" \/>\n<meta name=\"robots\" content=\"index, follow, max-snippet:-1, max-image-preview:large, max-video-preview:-1\" \/>\n<link rel=\"canonical\" href=\"https:\/\/www.easyfrenchdesserts.com\/de\/financiers\/\" \/>\n<meta property=\"og:locale\" content=\"de_DE\" \/>\n<meta property=\"og:type\" content=\"article\" \/>\n<meta property=\"og:title\" content=\"Hausgemachte Financier-Rezepte \ud83d\udc68\u200d\ud83c\udf73: Das Geheimnis absoluter Zartheit\" \/>\n<meta property=\"og:description\" content=\"Wie gelingen Financiers, die so gut sind wie die vom B\u00e4cker? Entdecken Sie unsere besten Rezepte: klassisch mit Mandeln, Pistazien oder Schokolade...\" \/>\n<meta property=\"og:url\" content=\"https:\/\/www.easyfrenchdesserts.com\/de\/financiers\/\" \/>\n<meta property=\"og:site_name\" content=\"Easy French Desserts\" \/>\n<meta property=\"article:publisher\" content=\"https:\/\/www.facebook.com\/EasyFrenchDesserts\" \/>\n<meta property=\"article:modified_time\" content=\"2026-02-27T15:47:50+00:00\" \/>\n<meta property=\"og:image\" content=\"https:\/\/www.easyfrenchdesserts.com\/wp-content\/uploads\/2026\/01\/Finncier-pistache.jpg\" \/>\n\t<meta property=\"og:image:width\" content=\"1184\" \/>\n\t<meta property=\"og:image:height\" content=\"764\" \/>\n\t<meta property=\"og:image:type\" content=\"image\/jpeg\" \/>\n<meta name=\"twitter:card\" content=\"summary_large_image\" \/>\n<meta name=\"twitter:label1\" content=\"Gesch\u00e4tzte Lesezeit\" \/>\n\t<meta name=\"twitter:data1\" content=\"2\u00a0Minuten\" \/>\n<script type=\"application\/ld+json\" class=\"yoast-schema-graph\">{\"@context\":\"https:\\\/\\\/schema.org\",\"@graph\":[{\"@type\":\"WebPage\",\"@id\":\"https:\\\/\\\/www.easyfrenchdesserts.com\\\/de\\\/financiers\\\/\",\"url\":\"https:\\\/\\\/www.easyfrenchdesserts.com\\\/de\\\/financiers\\\/\",\"name\":\"Hausgemachte Financier-Rezepte \ud83d\udc68\u200d\ud83c\udf73: Das Geheimnis absoluter Zartheit\",\"isPartOf\":{\"@id\":\"https:\\\/\\\/www.easyfrenchdesserts.com\\\/de\\\/#website\"},\"primaryImageOfPage\":{\"@id\":\"https:\\\/\\\/www.easyfrenchdesserts.com\\\/de\\\/financiers\\\/#primaryimage\"},\"image\":{\"@id\":\"https:\\\/\\\/www.easyfrenchdesserts.com\\\/de\\\/financiers\\\/#primaryimage\"},\"thumbnailUrl\":\"https:\\\/\\\/www.easyfrenchdesserts.com\\\/wp-content\\\/uploads\\\/2026\\\/01\\\/Finncier-pistache.jpg\",\"datePublished\":\"2026-01-08T15:05:30+00:00\",\"dateModified\":\"2026-02-27T15:47:50+00:00\",\"description\":\"Wie gelingen Financiers, die so gut sind wie die vom B\u00e4cker? Entdecken Sie unsere besten Rezepte: klassisch mit Mandeln, Pistazien oder Schokolade...\",\"breadcrumb\":{\"@id\":\"https:\\\/\\\/www.easyfrenchdesserts.com\\\/de\\\/financiers\\\/#breadcrumb\"},\"inLanguage\":\"de\",\"potentialAction\":[{\"@type\":\"ReadAction\",\"target\":[\"https:\\\/\\\/www.easyfrenchdesserts.com\\\/de\\\/financiers\\\/\"]}]},{\"@type\":\"ImageObject\",\"inLanguage\":\"de\",\"@id\":\"https:\\\/\\\/www.easyfrenchdesserts.com\\\/de\\\/financiers\\\/#primaryimage\",\"url\":\"https:\\\/\\\/www.easyfrenchdesserts.com\\\/wp-content\\\/uploads\\\/2026\\\/01\\\/Finncier-pistache.jpg\",\"contentUrl\":\"https:\\\/\\\/www.easyfrenchdesserts.com\\\/wp-content\\\/uploads\\\/2026\\\/01\\\/Finncier-pistache.jpg\",\"width\":1184,\"height\":764,\"caption\":\"Einfaches Rezept f\u00fcr Pistazien-Financiers\"},{\"@type\":\"BreadcrumbList\",\"@id\":\"https:\\\/\\\/www.easyfrenchdesserts.com\\\/de\\\/financiers\\\/#breadcrumb\",\"itemListElement\":[{\"@type\":\"ListItem\",\"position\":1,\"name\":\"Accueil\",\"item\":\"https:\\\/\\\/www.easyfrenchdesserts.com\\\/de\\\/home\\\/\"},{\"@type\":\"ListItem\",\"position\":2,\"name\":\"Franz\u00f6sische Financiers\"}]},{\"@type\":\"WebSite\",\"@id\":\"https:\\\/\\\/www.easyfrenchdesserts.com\\\/de\\\/#website\",\"url\":\"https:\\\/\\\/www.easyfrenchdesserts.com\\\/de\\\/\",\"name\":\"Easy French Desserts\",\"description\":\"Des recettes de desserts simples et facile \u00e0 r\u00e9aliser\",\"publisher\":{\"@id\":\"https:\\\/\\\/www.easyfrenchdesserts.com\\\/de\\\/#organization\"},\"potentialAction\":[{\"@type\":\"SearchAction\",\"target\":{\"@type\":\"EntryPoint\",\"urlTemplate\":\"https:\\\/\\\/www.easyfrenchdesserts.com\\\/de\\\/?s={search_term_string}\"},\"query-input\":{\"@type\":\"PropertyValueSpecification\",\"valueRequired\":true,\"valueName\":\"search_term_string\"}}],\"inLanguage\":\"de\"},{\"@type\":\"Organization\",\"@id\":\"https:\\\/\\\/www.easyfrenchdesserts.com\\\/de\\\/#organization\",\"name\":\"Easy French Desserts\",\"url\":\"https:\\\/\\\/www.easyfrenchdesserts.com\\\/de\\\/\",\"logo\":{\"@type\":\"ImageObject\",\"inLanguage\":\"de\",\"@id\":\"https:\\\/\\\/www.easyfrenchdesserts.com\\\/de\\\/#\\\/schema\\\/logo\\\/image\\\/\",\"url\":\"https:\\\/\\\/www.easyfrenchdesserts.com\\\/wp-content\\\/uploads\\\/2025\\\/12\\\/EasyFrenchDesserts-copie-2.png\",\"contentUrl\":\"https:\\\/\\\/www.easyfrenchdesserts.com\\\/wp-content\\\/uploads\\\/2025\\\/12\\\/EasyFrenchDesserts-copie-2.png\",\"width\":460,\"height\":80,\"caption\":\"Easy French Desserts\"},\"image\":{\"@id\":\"https:\\\/\\\/www.easyfrenchdesserts.com\\\/de\\\/#\\\/schema\\\/logo\\\/image\\\/\"},\"sameAs\":[\"https:\\\/\\\/www.facebook.com\\\/EasyFrenchDesserts\",\"https:\\\/\\\/www.instagram.com\\\/easyfrenchdesserts\\\/\"]}]}<\/script>\n<!-- \/ Yoast SEO plugin. -->","yoast_head_json":{"title":"Hausgemachte Financier-Rezepte \ud83d\udc68\u200d\ud83c\udf73: Das Geheimnis absoluter Zartheit","description":"Wie gelingen Financiers, die so gut sind wie die vom B\u00e4cker? Entdecken Sie unsere besten Rezepte: klassisch mit Mandeln, Pistazien oder Schokolade...","robots":{"index":"index","follow":"follow","max-snippet":"max-snippet:-1","max-image-preview":"max-image-preview:large","max-video-preview":"max-video-preview:-1"},"canonical":"https:\/\/www.easyfrenchdesserts.com\/de\/financiers\/","og_locale":"de_DE","og_type":"article","og_title":"Hausgemachte Financier-Rezepte \ud83d\udc68\u200d\ud83c\udf73: Das Geheimnis absoluter Zartheit","og_description":"Wie gelingen Financiers, die so gut sind wie die vom B\u00e4cker? Entdecken Sie unsere besten Rezepte: klassisch mit Mandeln, Pistazien oder Schokolade...","og_url":"https:\/\/www.easyfrenchdesserts.com\/de\/financiers\/","og_site_name":"Easy French Desserts","article_publisher":"https:\/\/www.facebook.com\/EasyFrenchDesserts","article_modified_time":"2026-02-27T15:47:50+00:00","og_image":[{"width":1184,"height":764,"url":"https:\/\/www.easyfrenchdesserts.com\/wp-content\/uploads\/2026\/01\/Finncier-pistache.jpg","type":"image\/jpeg"}],"twitter_card":"summary_large_image","twitter_misc":{"Gesch\u00e4tzte Lesezeit":"2\u00a0Minuten"},"schema":{"@context":"https:\/\/schema.org","@graph":[{"@type":"WebPage","@id":"https:\/\/www.easyfrenchdesserts.com\/de\/financiers\/","url":"https:\/\/www.easyfrenchdesserts.com\/de\/financiers\/","name":"Hausgemachte Financier-Rezepte \ud83d\udc68\u200d\ud83c\udf73: Das Geheimnis absoluter Zartheit","isPartOf":{"@id":"https:\/\/www.easyfrenchdesserts.com\/de\/#website"},"primaryImageOfPage":{"@id":"https:\/\/www.easyfrenchdesserts.com\/de\/financiers\/#primaryimage"},"image":{"@id":"https:\/\/www.easyfrenchdesserts.com\/de\/financiers\/#primaryimage"},"thumbnailUrl":"https:\/\/www.easyfrenchdesserts.com\/wp-content\/uploads\/2026\/01\/Finncier-pistache.jpg","datePublished":"2026-01-08T15:05:30+00:00","dateModified":"2026-02-27T15:47:50+00:00","description":"Wie gelingen Financiers, die so gut sind wie die vom B\u00e4cker? Entdecken Sie unsere besten Rezepte: klassisch mit Mandeln, Pistazien oder Schokolade...","breadcrumb":{"@id":"https:\/\/www.easyfrenchdesserts.com\/de\/financiers\/#breadcrumb"},"inLanguage":"de","potentialAction":[{"@type":"ReadAction","target":["https:\/\/www.easyfrenchdesserts.com\/de\/financiers\/"]}]},{"@type":"ImageObject","inLanguage":"de","@id":"https:\/\/www.easyfrenchdesserts.com\/de\/financiers\/#primaryimage","url":"https:\/\/www.easyfrenchdesserts.com\/wp-content\/uploads\/2026\/01\/Finncier-pistache.jpg","contentUrl":"https:\/\/www.easyfrenchdesserts.com\/wp-content\/uploads\/2026\/01\/Finncier-pistache.jpg","width":1184,"height":764,"caption":"Einfaches Rezept f\u00fcr Pistazien-Financiers"},{"@type":"BreadcrumbList","@id":"https:\/\/www.easyfrenchdesserts.com\/de\/financiers\/#breadcrumb","itemListElement":[{"@type":"ListItem","position":1,"name":"Accueil","item":"https:\/\/www.easyfrenchdesserts.com\/de\/home\/"},{"@type":"ListItem","position":2,"name":"Franz\u00f6sische Financiers"}]},{"@type":"WebSite","@id":"https:\/\/www.easyfrenchdesserts.com\/de\/#website","url":"https:\/\/www.easyfrenchdesserts.com\/de\/","name":"Easy French Desserts","description":"Des recettes de desserts simples et facile \u00e0 r\u00e9aliser","publisher":{"@id":"https:\/\/www.easyfrenchdesserts.com\/de\/#organization"},"potentialAction":[{"@type":"SearchAction","target":{"@type":"EntryPoint","urlTemplate":"https:\/\/www.easyfrenchdesserts.com\/de\/?s={search_term_string}"},"query-input":{"@type":"PropertyValueSpecification","valueRequired":true,"valueName":"search_term_string"}}],"inLanguage":"de"},{"@type":"Organization","@id":"https:\/\/www.easyfrenchdesserts.com\/de\/#organization","name":"Easy French Desserts","url":"https:\/\/www.easyfrenchdesserts.com\/de\/","logo":{"@type":"ImageObject","inLanguage":"de","@id":"https:\/\/www.easyfrenchdesserts.com\/de\/#\/schema\/logo\/image\/","url":"https:\/\/www.easyfrenchdesserts.com\/wp-content\/uploads\/2025\/12\/EasyFrenchDesserts-copie-2.png","contentUrl":"https:\/\/www.easyfrenchdesserts.com\/wp-content\/uploads\/2025\/12\/EasyFrenchDesserts-copie-2.png","width":460,"height":80,"caption":"Easy French Desserts"},"image":{"@id":"https:\/\/www.easyfrenchdesserts.com\/de\/#\/schema\/logo\/image\/"},"sameAs":["https:\/\/www.facebook.com\/EasyFrenchDesserts","https:\/\/www.instagram.com\/easyfrenchdesserts\/"]}]}},"_links":{"self":[{"href":"https:\/\/www.easyfrenchdesserts.com\/de\/wp-json\/wp\/v2\/pages\/5296","targetHints":{"allow":["GET"]}}],"collection":[{"href":"https:\/\/www.easyfrenchdesserts.com\/de\/wp-json\/wp\/v2\/pages"}],"about":[{"href":"https:\/\/www.easyfrenchdesserts.com\/de\/wp-json\/wp\/v2\/types\/page"}],"author":[{"embeddable":true,"href":"https:\/\/www.easyfrenchdesserts.com\/de\/wp-json\/wp\/v2\/users\/1"}],"replies":[{"embeddable":true,"href":"https:\/\/www.easyfrenchdesserts.com\/de\/wp-json\/wp\/v2\/comments?post=5296"}],"version-history":[{"count":3,"href":"https:\/\/www.easyfrenchdesserts.com\/de\/wp-json\/wp\/v2\/pages\/5296\/revisions"}],"predecessor-version":[{"id":5360,"href":"https:\/\/www.easyfrenchdesserts.com\/de\/wp-json\/wp\/v2\/pages\/5296\/revisions\/5360"}],"wp:featuredmedia":[{"embeddable":true,"href":"https:\/\/www.easyfrenchdesserts.com\/de\/wp-json\/wp\/v2\/media\/5297"}],"wp:attachment":[{"href":"https:\/\/www.easyfrenchdesserts.com\/de\/wp-json\/wp\/v2\/media?parent=5296"}],"curies":[{"name":"wp","href":"https:\/\/api.w.org\/{rel}","templated":true}]}}