{"id":5290,"date":"2026-01-08T14:34:58","date_gmt":"2026-01-08T14:34:58","guid":{"rendered":"https:\/\/www.easyfrenchdesserts.com\/remespeisen-milchreis\/"},"modified":"2026-02-27T14:05:30","modified_gmt":"2026-02-27T14:05:30","slug":"cremespeisen-milchreis","status":"publish","type":"page","link":"https:\/\/www.easyfrenchdesserts.com\/de\/cremespeisen-milchreis\/","title":{"rendered":"Sahne- und Milchreis"},"content":{"rendered":"<style>.kb-row-layout-id3223_c54637-9a > .kt-row-column-wrap{align-content:start;}:where(.kb-row-layout-id3223_c54637-9a > .kt-row-column-wrap) > .wp-block-kadence-column{justify-content:start;}.kb-row-layout-id3223_c54637-9a > .kt-row-column-wrap{column-gap:var(--global-kb-gap-md, 2rem);row-gap:var(--global-kb-gap-md, 2rem);max-width:1290px;margin-left:auto;margin-right:auto;padding-bottom:var(--global-kb-spacing-sm, 1.5rem);grid-template-columns:minmax(0, 1fr);}.kb-row-layout-id3223_c54637-9a > .kt-row-layout-overlay{opacity:0.30;}.kb-row-layout-id3223_c54637-9a{z-index:1;position:relative;}@media all and (max-width: 1024px){.kb-row-layout-id3223_c54637-9a > .kt-row-column-wrap{grid-template-columns:minmax(0, 1fr);}}@media all and (max-width: 767px){.kb-row-layout-id3223_c54637-9a > .kt-row-column-wrap{grid-template-columns:minmax(0, 1fr);}}<\/style><div class=\"kb-row-layout-wrap kb-row-layout-id3223_c54637-9a alignfull wp-block-kadence-rowlayout\"><div class=\"kt-blocks-carousel kb-blocks-bg-slider kt-carousel-container-dotstyle-dark\"><div class=\"kt-blocks-carousel-init splide kb-blocks-bg-slider-init kt-carousel-arrowstyle-none kt-carousel-dotstyle-dark\" data-slider-anim-speed=\"400\" data-slider-type=\"slider\" data-slider-scroll=\"1\" data-slider-arrows=\"false\" data-slider-fade=\"true\" data-slider-dots=\"true\" data-slider-hover-pause=\"false\" data-slider-auto=\"true\" data-slider-speed=\"7000\" data-show-pause-button=\"false\"><div class=\"splide__track\"><ul class=\"splide__list\"><li class=\"splide__slide kb-bg-slide-contain\"><div  class=\"kb-bg-slide kb-bg-slide-0\" style=\"\"><\/div><\/li><\/ul><\/div><\/div><\/div><div class=\"kt-row-column-wrap kt-has-1-columns kt-row-layout-equal kt-tab-layout-inherit kt-mobile-layout-row kt-row-valign-top\">\n<style>.kadence-column3223_0ce9e0-be > .kt-inside-inner-col,.kadence-column3223_0ce9e0-be > .kt-inside-inner-col:before{border-top-left-radius:0px;border-top-right-radius:0px;border-bottom-right-radius:0px;border-bottom-left-radius:0px;}.kadence-column3223_0ce9e0-be > .kt-inside-inner-col{column-gap:var(--global-kb-gap-sm, 1rem);}.kadence-column3223_0ce9e0-be > .kt-inside-inner-col{flex-direction:column;}.kadence-column3223_0ce9e0-be > .kt-inside-inner-col > .aligncenter{width:100%;}.kadence-column3223_0ce9e0-be > .kt-inside-inner-col:before{opacity:0.3;}.kadence-column3223_0ce9e0-be{position:relative;}@media all and (max-width: 1024px){.kadence-column3223_0ce9e0-be > .kt-inside-inner-col{flex-direction:column;justify-content:center;}}@media all and (max-width: 767px){.kadence-column3223_0ce9e0-be > .kt-inside-inner-col{flex-direction:column;justify-content:center;}}<\/style>\n<div class=\"wp-block-kadence-column kadence-column3223_0ce9e0-be\"><div class=\"kt-inside-inner-col\"><div class=\"yoast-breadcrumbs\"><span><span><a href=\"https:\/\/www.easyfrenchdesserts.com\/de\/home\/\">Accueil<\/a><\/span> \u00bb <span class=\"breadcrumb_last\" aria-current=\"page\">Sahne- und Milchreis<\/span><\/span><\/div>\n\n<style>.wp-block-kadence-advancedheading.kt-adv-heading3223_f83a53-88, .wp-block-kadence-advancedheading.kt-adv-heading3223_f83a53-88[data-kb-block=\"kb-adv-heading3223_f83a53-88\"]{max-width:600px;margin-right:auto;margin-left:auto;margin-top:var(--global-kb-spacing-xs, 1rem);text-align:center;font-weight:bold;font-style:normal;}.wp-block-kadence-advancedheading.kt-adv-heading3223_f83a53-88 mark.kt-highlight, .wp-block-kadence-advancedheading.kt-adv-heading3223_f83a53-88[data-kb-block=\"kb-adv-heading3223_f83a53-88\"] mark.kt-highlight{font-style:normal;color:#f76a0c;-webkit-box-decoration-break:clone;box-decoration-break:clone;padding-top:0px;padding-right:0px;padding-bottom:0px;padding-left:0px;}.wp-block-kadence-advancedheading.kt-adv-heading3223_f83a53-88 img.kb-inline-image, .wp-block-kadence-advancedheading.kt-adv-heading3223_f83a53-88[data-kb-block=\"kb-adv-heading3223_f83a53-88\"] img.kb-inline-image{width:150px;vertical-align:baseline;}<\/style>\n<h1 class=\"kt-adv-heading3223_f83a53-88 wp-block-kadence-advancedheading\" data-kb-block=\"kb-adv-heading3223_f83a53-88\">Hausgemachte Dessertcremes und Milchreis: der Geschmack der Kindheit<\/h1>\n\n\n<style>.wp-block-kadence-advancedheading.kt-adv-heading3223_5003e6-44, .wp-block-kadence-advancedheading.kt-adv-heading3223_5003e6-44[data-kb-block=\"kb-adv-heading3223_5003e6-44\"]{text-align:center;font-style:normal;}.wp-block-kadence-advancedheading.kt-adv-heading3223_5003e6-44 mark.kt-highlight, .wp-block-kadence-advancedheading.kt-adv-heading3223_5003e6-44[data-kb-block=\"kb-adv-heading3223_5003e6-44\"] mark.kt-highlight{font-style:normal;color:#f76a0c;-webkit-box-decoration-break:clone;box-decoration-break:clone;padding-top:0px;padding-right:0px;padding-bottom:0px;padding-left:0px;}.wp-block-kadence-advancedheading.kt-adv-heading3223_5003e6-44 img.kb-inline-image, .wp-block-kadence-advancedheading.kt-adv-heading3223_5003e6-44[data-kb-block=\"kb-adv-heading3223_5003e6-44\"] img.kb-inline-image{width:150px;vertical-align:baseline;}<\/style>\n<p class=\"kt-adv-heading3223_5003e6-44 wp-block-kadence-advancedheading\" data-kb-block=\"kb-adv-heading3223_5003e6-44\">Nichts ist so wohltuend wie ein cremiges Dessert oder ein mit Liebe zubereiteter, zartschmelzender Milchreis. Ob Vanille, Schokolade oder exotische Aromen \u2013 unsere hausgemachten Rezepte garantieren die perfekte Konsistenz ganz ohne Zusatzstoffe. Entdecken Sie, wie Sie aus wenigen Zutaten k\u00f6stliche Desserts zaubern, die Sie l\u00f6ffelweise genie\u00dfen k\u00f6nnen.  <\/p>\n\n\n<style>.wp-block-kadence-advancedheading.kt-adv-heading3223_c8a664-74, .wp-block-kadence-advancedheading.kt-adv-heading3223_c8a664-74[data-kb-block=\"kb-adv-heading3223_c8a664-74\"]{max-width:600px;margin-top:var(--global-kb-spacing-sm, 1.5rem);margin-bottom:var(--global-kb-spacing-xs, 1rem);text-align:left;font-size:16px;font-weight:bold;font-style:normal;}.wp-block-kadence-advancedheading.kt-adv-heading3223_c8a664-74 mark.kt-highlight, .wp-block-kadence-advancedheading.kt-adv-heading3223_c8a664-74[data-kb-block=\"kb-adv-heading3223_c8a664-74\"] mark.kt-highlight{font-style:normal;color:#f76a0c;-webkit-box-decoration-break:clone;box-decoration-break:clone;padding-top:0px;padding-right:0px;padding-bottom:0px;padding-left:0px;}.wp-block-kadence-advancedheading.kt-adv-heading3223_c8a664-74 img.kb-inline-image, .wp-block-kadence-advancedheading.kt-adv-heading3223_c8a664-74[data-kb-block=\"kb-adv-heading3223_c8a664-74\"] img.kb-inline-image{width:150px;vertical-align:baseline;}<\/style>\n<div class=\"kt-adv-heading3223_c8a664-74 wp-block-kadence-advancedheading\" data-kb-block=\"kb-adv-heading3223_c8a664-74\">Toutes nos recettes de Riz au Lait et Cr\u00e8mes Dessert :<br\/><\/div>\n\n\n<style>.kb-posts-id-3223_84eb80-44 .kb-post-list-item{display:grid;}<\/style><p>Keine Beitr\u00e4ge<\/p>\n\n<style>.kb-row-layout-id3223_7836dc-ed > .kt-row-column-wrap{align-content:start;}:where(.kb-row-layout-id3223_7836dc-ed > .kt-row-column-wrap) > .wp-block-kadence-column{justify-content:start;}.kb-row-layout-id3223_7836dc-ed > .kt-row-column-wrap{column-gap:var(--global-kb-gap-md, 2rem);row-gap:var(--global-kb-gap-md, 2rem);padding-top:var(--global-kb-spacing-sm, 1.5rem);padding-bottom:var(--global-kb-spacing-sm, 1.5rem);grid-template-columns:minmax(0, 1fr);}.kb-row-layout-id3223_7836dc-ed > .kt-row-layout-overlay{opacity:0.30;}@media all and (max-width: 1024px){.kb-row-layout-id3223_7836dc-ed > .kt-row-column-wrap{grid-template-columns:minmax(0, 1fr);}}@media all and (max-width: 767px){.kb-row-layout-id3223_7836dc-ed > .kt-row-column-wrap{grid-template-columns:minmax(0, 1fr);}}<\/style><div class=\"kb-row-layout-wrap kb-row-layout-id3223_7836dc-ed alignnone wp-block-kadence-rowlayout\"><div class=\"kt-row-column-wrap kt-has-1-columns kt-row-layout-equal kt-tab-layout-inherit kt-mobile-layout-row kt-row-valign-top\">\n<style>.kadence-column3223_11e9ac-b7 > .kt-inside-inner-col,.kadence-column3223_11e9ac-b7 > .kt-inside-inner-col:before{border-top-left-radius:0px;border-top-right-radius:0px;border-bottom-right-radius:0px;border-bottom-left-radius:0px;}.kadence-column3223_11e9ac-b7 > .kt-inside-inner-col{column-gap:var(--global-kb-gap-sm, 1rem);}.kadence-column3223_11e9ac-b7 > .kt-inside-inner-col{flex-direction:column;}.kadence-column3223_11e9ac-b7 > .kt-inside-inner-col > .aligncenter{width:100%;}.kadence-column3223_11e9ac-b7 > .kt-inside-inner-col:before{opacity:0.3;}.kadence-column3223_11e9ac-b7{position:relative;}@media all and (max-width: 1024px){.kadence-column3223_11e9ac-b7 > .kt-inside-inner-col{flex-direction:column;justify-content:center;}}@media all and (max-width: 767px){.kadence-column3223_11e9ac-b7 > .kt-inside-inner-col{flex-direction:column;justify-content:center;}}<\/style>\n<div class=\"wp-block-kadence-column kadence-column3223_11e9ac-b7\"><div class=\"kt-inside-inner-col\">\n<div class=\"faq-section-wrapper\">\n    <h2 class=\"faq-main-title\">Alle Geheimnisse f\u00fcr die Zubereitung von perfekten Cremespeisen und Milchreis \ud83e\udd44<\/h2>\n    <div class=\"faq-custom-styled\">\n        \n        <div class=\"faq-row\">\n            <button class=\"faq-trigger\">Welche Reissorte sollte ich verwenden, um einen perfekt cremigen Milchreis zuzubereiten?<\/button>\n            <div class=\"faq-content\">\n                <p>F\u00fcr einen gelungenen Milchreis ist die Wahl des Reiskorns entscheidend. Verwenden Sie ausschlie\u00dflich <strong>Rundkornreis<\/strong> (Dessertreis). Sein hoher St\u00e4rkegehalt sorgt f\u00fcr die cremige Konsistenz. Vermeiden Sie Langkornreis oder Parboiled-Reis, da dieser fest bleibt und nicht gen\u00fcgend Milch aufnimmt.   <\/p>\n            <\/div>\n        <\/div>\n        \n        <div class=\"faq-row\">\n            <button class=\"faq-trigger\">Wie kann ich verhindern, dass Milchreis nach dem Abk\u00fchlen zu trocken wird?<\/button>\n            <div class=\"faq-content\">\n                <p>Der Reis saugt auch nach dem Garen noch Fl\u00fcssigkeit auf. Der Trick besteht darin, den Kochvorgang zu beenden, sobald noch etwas Fl\u00fcssigkeit im Topf ist. Die Mischung sollte im hei\u00dfen Zustand fast zu fl\u00fcssig erscheinen; beim Abk\u00fchlen wird sie perfekt glatt.  <\/p>\n            <\/div>\n        <\/div>\n\n        <div class=\"faq-row\">\n            <button class=\"faq-trigger\">Womit kann ich Eier in einer selbstgemachten Dessertcreme ersetzen?<\/button>\n            <div class=\"faq-content\">\n                <p>F\u00fcr eine eifreie Dessertcreme k\u00f6nnen Sie <strong>Maisst\u00e4rke (Maizena)<\/strong> oder Agar-Agar zum Andicken Ihrer aromatisierten Milch verwenden. Dadurch erh\u00e4lt die Creme eine Konsistenz, die der von industriell hergestellten Puddings nach L\u00fctticher Art \u00e4hnelt, welche f\u00fcr ihre Leichtigkeit sehr gesch\u00e4tzt werden. <\/p>\n            <\/div>\n        <\/div>\n\n        <div class=\"faq-row\">\n            <button class=\"faq-trigger\">Wie kann ich verhindern, dass sich auf Dessertcremes beim Abk\u00fchlen eine Haut bildet?<\/button>\n            <div class=\"faq-content\">\n                <p>Um eine glatte und gl\u00e4nzende Oberfl\u00e4che zu erhalten, deckt man die <strong>Oberfl\u00e4che mit Frischhaltefolie<\/strong> ab. Legen Sie ein St\u00fcck Frischhaltefolie direkt auf die noch warme Sahne und achten Sie darauf, dass keine Luftblasen eingeschlossen werden. Ein weiterer Tipp: Bestreuen Sie die Sahne leicht mit Puderzucker. Dieser schmilzt und bildet eine d\u00fcnne Schutzschicht.  <\/p>\n            <\/div>\n        <\/div>\n\n        <div class=\"faq-row\">\n            <button class=\"faq-trigger\">Kann Milchreis auch mit anderen Zutaten als Vanille aromatisiert werden?<\/button>\n            <div class=\"faq-content\">\n                <p>Absolut! Milchreis ist eine hervorragende Basis. Sie k\u00f6nnen die Milch mit <strong>Zimt, Zitronen- oder Orangenschale, Tonkabohne<\/strong> oder sogar gesalzenem Karamell verfeinern, wenn Sie sie am Ende der Kochzeit hinzuf\u00fcgen. F\u00fcr eine exotische Variante ersetzen Sie einen Teil der Kuhmilch durch Kokosmilch.   <\/p>\n            <\/div>\n        <\/div>\n\n    <\/div>\n<\/div>\n<\/div><\/div>\n\n<\/div><\/div><\/div><\/div>\n\n<\/div><\/div>","protected":false},"excerpt":{"rendered":"<p>Hausgemachte Dessertcremes und Milchreis: der Geschmack der Kindheit Nichts ist so wohltuend wie ein cremiges Dessert oder ein mit Liebe zubereiteter, zartschmelzender Milchreis. Ob Vanille, Schokolade oder exotische Aromen \u2013 unsere hausgemachten Rezepte garantieren die perfekte Konsistenz ganz ohne Zusatzstoffe. Entdecken Sie, wie Sie aus wenigen Zutaten k\u00f6stliche Desserts zaubern, die Sie l\u00f6ffelweise genie\u00dfen k\u00f6nnen. [&hellip;]<\/p>\n","protected":false},"author":1,"featured_media":0,"parent":0,"menu_order":0,"comment_status":"closed","ping_status":"closed","template":"","meta":{"_acf_changed":false,"footnotes":""},"class_list":["post-5290","page","type-page","status-publish","hentry"],"blocksy_meta":{"has_hero_section":"disabled","styles_descriptor":{"styles":{"desktop":"","tablet":"","mobile":""},"google_fonts":[],"version":6}},"acf":[],"yoast_head":"<!-- This site is optimized with the Yoast SEO plugin v27.4 - https:\/\/yoast.com\/product\/yoast-seo-wordpress\/ -->\n<title>Sahne- und Milchreis - Easy French Desserts<\/title>\n<meta name=\"robots\" content=\"index, follow, max-snippet:-1, max-image-preview:large, max-video-preview:-1\" \/>\n<link rel=\"canonical\" href=\"https:\/\/www.easyfrenchdesserts.com\/de\/cremespeisen-milchreis\/\" \/>\n<meta property=\"og:locale\" content=\"de_DE\" \/>\n<meta property=\"og:type\" content=\"article\" \/>\n<meta property=\"og:title\" content=\"Sahne- und Milchreis - Easy French Desserts\" \/>\n<meta property=\"og:description\" content=\"Hausgemachte Dessertcremes und Milchreis: der Geschmack der Kindheit Nichts ist so wohltuend wie ein cremiges Dessert oder ein mit Liebe zubereiteter, zartschmelzender Milchreis. Ob Vanille, Schokolade oder exotische Aromen \u2013 unsere hausgemachten Rezepte garantieren die perfekte Konsistenz ganz ohne Zusatzstoffe. Entdecken Sie, wie Sie aus wenigen Zutaten k\u00f6stliche Desserts zaubern, die Sie l\u00f6ffelweise genie\u00dfen k\u00f6nnen. [&hellip;]\" \/>\n<meta property=\"og:url\" content=\"https:\/\/www.easyfrenchdesserts.com\/de\/cremespeisen-milchreis\/\" \/>\n<meta property=\"og:site_name\" content=\"Easy French Desserts\" \/>\n<meta property=\"article:publisher\" content=\"https:\/\/www.facebook.com\/EasyFrenchDesserts\" \/>\n<meta property=\"article:modified_time\" content=\"2026-02-27T14:05:30+00:00\" \/>\n<meta name=\"twitter:card\" content=\"summary_large_image\" \/>\n<meta name=\"twitter:label1\" content=\"Gesch\u00e4tzte Lesezeit\" \/>\n\t<meta name=\"twitter:data1\" content=\"2\u00a0Minuten\" \/>\n<script type=\"application\/ld+json\" class=\"yoast-schema-graph\">{\"@context\":\"https:\\\/\\\/schema.org\",\"@graph\":[{\"@type\":\"WebPage\",\"@id\":\"https:\\\/\\\/www.easyfrenchdesserts.com\\\/de\\\/cremespeisen-milchreis\\\/\",\"url\":\"https:\\\/\\\/www.easyfrenchdesserts.com\\\/de\\\/cremespeisen-milchreis\\\/\",\"name\":\"Sahne- und Milchreis - Easy French Desserts\",\"isPartOf\":{\"@id\":\"https:\\\/\\\/www.easyfrenchdesserts.com\\\/de\\\/#website\"},\"datePublished\":\"2026-01-08T14:34:58+00:00\",\"dateModified\":\"2026-02-27T14:05:30+00:00\",\"breadcrumb\":{\"@id\":\"https:\\\/\\\/www.easyfrenchdesserts.com\\\/de\\\/cremespeisen-milchreis\\\/#breadcrumb\"},\"inLanguage\":\"de\",\"potentialAction\":[{\"@type\":\"ReadAction\",\"target\":[\"https:\\\/\\\/www.easyfrenchdesserts.com\\\/de\\\/cremespeisen-milchreis\\\/\"]}]},{\"@type\":\"BreadcrumbList\",\"@id\":\"https:\\\/\\\/www.easyfrenchdesserts.com\\\/de\\\/cremespeisen-milchreis\\\/#breadcrumb\",\"itemListElement\":[{\"@type\":\"ListItem\",\"position\":1,\"name\":\"Accueil\",\"item\":\"https:\\\/\\\/www.easyfrenchdesserts.com\\\/de\\\/home\\\/\"},{\"@type\":\"ListItem\",\"position\":2,\"name\":\"Sahne- und Milchreis\"}]},{\"@type\":\"WebSite\",\"@id\":\"https:\\\/\\\/www.easyfrenchdesserts.com\\\/de\\\/#website\",\"url\":\"https:\\\/\\\/www.easyfrenchdesserts.com\\\/de\\\/\",\"name\":\"Easy French Desserts\",\"description\":\"Des recettes de desserts simples et facile \u00e0 r\u00e9aliser\",\"publisher\":{\"@id\":\"https:\\\/\\\/www.easyfrenchdesserts.com\\\/de\\\/#organization\"},\"potentialAction\":[{\"@type\":\"SearchAction\",\"target\":{\"@type\":\"EntryPoint\",\"urlTemplate\":\"https:\\\/\\\/www.easyfrenchdesserts.com\\\/de\\\/?s={search_term_string}\"},\"query-input\":{\"@type\":\"PropertyValueSpecification\",\"valueRequired\":true,\"valueName\":\"search_term_string\"}}],\"inLanguage\":\"de\"},{\"@type\":\"Organization\",\"@id\":\"https:\\\/\\\/www.easyfrenchdesserts.com\\\/de\\\/#organization\",\"name\":\"Easy French Desserts\",\"url\":\"https:\\\/\\\/www.easyfrenchdesserts.com\\\/de\\\/\",\"logo\":{\"@type\":\"ImageObject\",\"inLanguage\":\"de\",\"@id\":\"https:\\\/\\\/www.easyfrenchdesserts.com\\\/de\\\/#\\\/schema\\\/logo\\\/image\\\/\",\"url\":\"https:\\\/\\\/www.easyfrenchdesserts.com\\\/wp-content\\\/uploads\\\/2025\\\/12\\\/EasyFrenchDesserts-copie-2.png\",\"contentUrl\":\"https:\\\/\\\/www.easyfrenchdesserts.com\\\/wp-content\\\/uploads\\\/2025\\\/12\\\/EasyFrenchDesserts-copie-2.png\",\"width\":460,\"height\":80,\"caption\":\"Easy French Desserts\"},\"image\":{\"@id\":\"https:\\\/\\\/www.easyfrenchdesserts.com\\\/de\\\/#\\\/schema\\\/logo\\\/image\\\/\"},\"sameAs\":[\"https:\\\/\\\/www.facebook.com\\\/EasyFrenchDesserts\",\"https:\\\/\\\/www.instagram.com\\\/easyfrenchdesserts\\\/\"]}]}<\/script>\n<!-- \/ Yoast SEO plugin. -->","yoast_head_json":{"title":"Sahne- und Milchreis - Easy French Desserts","robots":{"index":"index","follow":"follow","max-snippet":"max-snippet:-1","max-image-preview":"max-image-preview:large","max-video-preview":"max-video-preview:-1"},"canonical":"https:\/\/www.easyfrenchdesserts.com\/de\/cremespeisen-milchreis\/","og_locale":"de_DE","og_type":"article","og_title":"Sahne- und Milchreis - Easy French Desserts","og_description":"Hausgemachte Dessertcremes und Milchreis: der Geschmack der Kindheit Nichts ist so wohltuend wie ein cremiges Dessert oder ein mit Liebe zubereiteter, zartschmelzender Milchreis. Ob Vanille, Schokolade oder exotische Aromen \u2013 unsere hausgemachten Rezepte garantieren die perfekte Konsistenz ganz ohne Zusatzstoffe. Entdecken Sie, wie Sie aus wenigen Zutaten k\u00f6stliche Desserts zaubern, die Sie l\u00f6ffelweise genie\u00dfen k\u00f6nnen. [&hellip;]","og_url":"https:\/\/www.easyfrenchdesserts.com\/de\/cremespeisen-milchreis\/","og_site_name":"Easy French Desserts","article_publisher":"https:\/\/www.facebook.com\/EasyFrenchDesserts","article_modified_time":"2026-02-27T14:05:30+00:00","twitter_card":"summary_large_image","twitter_misc":{"Gesch\u00e4tzte Lesezeit":"2\u00a0Minuten"},"schema":{"@context":"https:\/\/schema.org","@graph":[{"@type":"WebPage","@id":"https:\/\/www.easyfrenchdesserts.com\/de\/cremespeisen-milchreis\/","url":"https:\/\/www.easyfrenchdesserts.com\/de\/cremespeisen-milchreis\/","name":"Sahne- und Milchreis - Easy French Desserts","isPartOf":{"@id":"https:\/\/www.easyfrenchdesserts.com\/de\/#website"},"datePublished":"2026-01-08T14:34:58+00:00","dateModified":"2026-02-27T14:05:30+00:00","breadcrumb":{"@id":"https:\/\/www.easyfrenchdesserts.com\/de\/cremespeisen-milchreis\/#breadcrumb"},"inLanguage":"de","potentialAction":[{"@type":"ReadAction","target":["https:\/\/www.easyfrenchdesserts.com\/de\/cremespeisen-milchreis\/"]}]},{"@type":"BreadcrumbList","@id":"https:\/\/www.easyfrenchdesserts.com\/de\/cremespeisen-milchreis\/#breadcrumb","itemListElement":[{"@type":"ListItem","position":1,"name":"Accueil","item":"https:\/\/www.easyfrenchdesserts.com\/de\/home\/"},{"@type":"ListItem","position":2,"name":"Sahne- und Milchreis"}]},{"@type":"WebSite","@id":"https:\/\/www.easyfrenchdesserts.com\/de\/#website","url":"https:\/\/www.easyfrenchdesserts.com\/de\/","name":"Easy French Desserts","description":"Des recettes de desserts simples et facile \u00e0 r\u00e9aliser","publisher":{"@id":"https:\/\/www.easyfrenchdesserts.com\/de\/#organization"},"potentialAction":[{"@type":"SearchAction","target":{"@type":"EntryPoint","urlTemplate":"https:\/\/www.easyfrenchdesserts.com\/de\/?s={search_term_string}"},"query-input":{"@type":"PropertyValueSpecification","valueRequired":true,"valueName":"search_term_string"}}],"inLanguage":"de"},{"@type":"Organization","@id":"https:\/\/www.easyfrenchdesserts.com\/de\/#organization","name":"Easy French Desserts","url":"https:\/\/www.easyfrenchdesserts.com\/de\/","logo":{"@type":"ImageObject","inLanguage":"de","@id":"https:\/\/www.easyfrenchdesserts.com\/de\/#\/schema\/logo\/image\/","url":"https:\/\/www.easyfrenchdesserts.com\/wp-content\/uploads\/2025\/12\/EasyFrenchDesserts-copie-2.png","contentUrl":"https:\/\/www.easyfrenchdesserts.com\/wp-content\/uploads\/2025\/12\/EasyFrenchDesserts-copie-2.png","width":460,"height":80,"caption":"Easy French Desserts"},"image":{"@id":"https:\/\/www.easyfrenchdesserts.com\/de\/#\/schema\/logo\/image\/"},"sameAs":["https:\/\/www.facebook.com\/EasyFrenchDesserts","https:\/\/www.instagram.com\/easyfrenchdesserts\/"]}]}},"_links":{"self":[{"href":"https:\/\/www.easyfrenchdesserts.com\/de\/wp-json\/wp\/v2\/pages\/5290","targetHints":{"allow":["GET"]}}],"collection":[{"href":"https:\/\/www.easyfrenchdesserts.com\/de\/wp-json\/wp\/v2\/pages"}],"about":[{"href":"https:\/\/www.easyfrenchdesserts.com\/de\/wp-json\/wp\/v2\/types\/page"}],"author":[{"embeddable":true,"href":"https:\/\/www.easyfrenchdesserts.com\/de\/wp-json\/wp\/v2\/users\/1"}],"replies":[{"embeddable":true,"href":"https:\/\/www.easyfrenchdesserts.com\/de\/wp-json\/wp\/v2\/comments?post=5290"}],"version-history":[{"count":3,"href":"https:\/\/www.easyfrenchdesserts.com\/de\/wp-json\/wp\/v2\/pages\/5290\/revisions"}],"predecessor-version":[{"id":5325,"href":"https:\/\/www.easyfrenchdesserts.com\/de\/wp-json\/wp\/v2\/pages\/5290\/revisions\/5325"}],"wp:attachment":[{"href":"https:\/\/www.easyfrenchdesserts.com\/de\/wp-json\/wp\/v2\/media?parent=5290"}],"curies":[{"name":"wp","href":"https:\/\/api.w.org\/{rel}","templated":true}]}}