{"id":5278,"date":"2026-01-08T13:59:39","date_gmt":"2026-01-08T13:59:39","guid":{"rendered":"https:\/\/www.easyfrenchdesserts.com\/franzoesischer-flan\/"},"modified":"2026-02-27T13:56:28","modified_gmt":"2026-02-27T13:56:28","slug":"franzoesischer-flan","status":"publish","type":"page","link":"https:\/\/www.easyfrenchdesserts.com\/de\/franzoesischer-flan\/","title":{"rendered":"Franz\u00f6sischer Puddingkuchen"},"content":{"rendered":"<style>.kb-row-layout-id3198_b1c38b-5b > .kt-row-column-wrap{align-content:start;}:where(.kb-row-layout-id3198_b1c38b-5b > .kt-row-column-wrap) > .wp-block-kadence-column{justify-content:start;}.kb-row-layout-id3198_b1c38b-5b > .kt-row-column-wrap{column-gap:var(--global-kb-gap-md, 2rem);row-gap:var(--global-kb-gap-md, 2rem);max-width:1290px;margin-left:auto;margin-right:auto;padding-bottom:var(--global-kb-spacing-sm, 1.5rem);grid-template-columns:minmax(0, 1fr);}.kb-row-layout-id3198_b1c38b-5b > .kt-row-layout-overlay{opacity:0.30;}.kb-row-layout-id3198_b1c38b-5b{z-index:1;position:relative;}@media all and (max-width: 1024px){.kb-row-layout-id3198_b1c38b-5b > .kt-row-column-wrap{grid-template-columns:minmax(0, 1fr);}}@media all and (max-width: 767px){.kb-row-layout-id3198_b1c38b-5b > .kt-row-column-wrap{grid-template-columns:minmax(0, 1fr);}}<\/style><div class=\"kb-row-layout-wrap kb-row-layout-id3198_b1c38b-5b alignfull wp-block-kadence-rowlayout\"><div class=\"kt-blocks-carousel kb-blocks-bg-slider kt-carousel-container-dotstyle-dark\"><div class=\"kt-blocks-carousel-init splide kb-blocks-bg-slider-init kt-carousel-arrowstyle-none kt-carousel-dotstyle-dark\" data-slider-anim-speed=\"400\" data-slider-type=\"slider\" data-slider-scroll=\"1\" data-slider-arrows=\"false\" data-slider-fade=\"true\" data-slider-dots=\"true\" data-slider-hover-pause=\"false\" data-slider-auto=\"true\" data-slider-speed=\"7000\" data-show-pause-button=\"false\"><div class=\"splide__track\"><ul class=\"splide__list\"><li class=\"splide__slide kb-bg-slide-contain\"><div  class=\"kb-bg-slide kb-bg-slide-0\" style=\"\"><\/div><\/li><\/ul><\/div><\/div><\/div><div class=\"kt-row-column-wrap kt-has-1-columns kt-row-layout-equal kt-tab-layout-inherit kt-mobile-layout-row kt-row-valign-top\">\n<style>.kadence-column3198_67917a-04 > .kt-inside-inner-col,.kadence-column3198_67917a-04 > .kt-inside-inner-col:before{border-top-left-radius:0px;border-top-right-radius:0px;border-bottom-right-radius:0px;border-bottom-left-radius:0px;}.kadence-column3198_67917a-04 > .kt-inside-inner-col{column-gap:var(--global-kb-gap-sm, 1rem);}.kadence-column3198_67917a-04 > .kt-inside-inner-col{flex-direction:column;}.kadence-column3198_67917a-04 > .kt-inside-inner-col > .aligncenter{width:100%;}.kadence-column3198_67917a-04 > .kt-inside-inner-col:before{opacity:0.3;}.kadence-column3198_67917a-04{position:relative;}@media all and (max-width: 1024px){.kadence-column3198_67917a-04 > .kt-inside-inner-col{flex-direction:column;justify-content:center;}}@media all and (max-width: 767px){.kadence-column3198_67917a-04 > .kt-inside-inner-col{flex-direction:column;justify-content:center;}}<\/style>\n<div class=\"wp-block-kadence-column kadence-column3198_67917a-04\"><div class=\"kt-inside-inner-col\"><div class=\"yoast-breadcrumbs\"><span><span><a href=\"https:\/\/www.easyfrenchdesserts.com\/de\/home\/\">Accueil<\/a><\/span> \u00bb <span class=\"breadcrumb_last\" aria-current=\"page\">Franz\u00f6sischer Puddingkuchen<\/span><\/span><\/div>\n\n<style>.wp-block-kadence-advancedheading.kt-adv-heading3198_07f312-50, .wp-block-kadence-advancedheading.kt-adv-heading3198_07f312-50[data-kb-block=\"kb-adv-heading3198_07f312-50\"]{max-width:600px;margin-right:auto;margin-left:auto;margin-top:var(--global-kb-spacing-xs, 1rem);text-align:center;font-weight:bold;font-style:normal;}.wp-block-kadence-advancedheading.kt-adv-heading3198_07f312-50 mark.kt-highlight, .wp-block-kadence-advancedheading.kt-adv-heading3198_07f312-50[data-kb-block=\"kb-adv-heading3198_07f312-50\"] mark.kt-highlight{font-style:normal;color:#f76a0c;-webkit-box-decoration-break:clone;box-decoration-break:clone;padding-top:0px;padding-right:0px;padding-bottom:0px;padding-left:0px;}.wp-block-kadence-advancedheading.kt-adv-heading3198_07f312-50 img.kb-inline-image, .wp-block-kadence-advancedheading.kt-adv-heading3198_07f312-50[data-kb-block=\"kb-adv-heading3198_07f312-50\"] img.kb-inline-image{width:150px;vertical-align:baseline;}<\/style>\n<h1 class=\"kt-adv-heading3198_07f312-50 wp-block-kadence-advancedheading\" data-kb-block=\"kb-adv-heading3198_07f312-50\">Franz\u00f6sischer Puddingkuchen: Unsere einfachen und k\u00f6stlichen Rezepte \ud83c\udf6e<\/h1>\n\n\n<style>.wp-block-kadence-advancedheading.kt-adv-heading3198_0fe8ae-c0, .wp-block-kadence-advancedheading.kt-adv-heading3198_0fe8ae-c0[data-kb-block=\"kb-adv-heading3198_0fe8ae-c0\"]{text-align:center;font-style:normal;}.wp-block-kadence-advancedheading.kt-adv-heading3198_0fe8ae-c0 mark.kt-highlight, .wp-block-kadence-advancedheading.kt-adv-heading3198_0fe8ae-c0[data-kb-block=\"kb-adv-heading3198_0fe8ae-c0\"] mark.kt-highlight{font-style:normal;color:#f76a0c;-webkit-box-decoration-break:clone;box-decoration-break:clone;padding-top:0px;padding-right:0px;padding-bottom:0px;padding-left:0px;}.wp-block-kadence-advancedheading.kt-adv-heading3198_0fe8ae-c0 img.kb-inline-image, .wp-block-kadence-advancedheading.kt-adv-heading3198_0fe8ae-c0[data-kb-block=\"kb-adv-heading3198_0fe8ae-c0\"] img.kb-inline-image{width:150px;vertical-align:baseline;}<\/style>\n<p class=\"kt-adv-heading3198_0fe8ae-c0 wp-block-kadence-advancedheading\" data-kb-block=\"kb-adv-heading3198_0fe8ae-c0\">Auf dieser Seite verrate ich meine Geheimnisse f\u00fcr einen Flan mit perfekter Konsistenz: Schluss mit w\u00e4ssrigem oder fl\u00fcssigem Flan! Entdecken Sie unsere <strong>schnellen und einfachen Rezepte,<\/strong> mit denen Sie dieses klassische Geb\u00e4ck ganz einfach zu Hause zubereiten k\u00f6nnen \u2013 mit Zutaten, die Sie wahrscheinlich schon in Ihrer K\u00fcche haben. Bereit f\u00fcr eine goldene Kruste und einen zartschmelzenden Kern?  <\/p>\n\n\n<style>.wp-block-kadence-advancedheading.kt-adv-heading3198_54746d-0f, .wp-block-kadence-advancedheading.kt-adv-heading3198_54746d-0f[data-kb-block=\"kb-adv-heading3198_54746d-0f\"]{max-width:600px;margin-top:var(--global-kb-spacing-sm, 1.5rem);margin-bottom:var(--global-kb-spacing-xs, 1rem);text-align:left;font-size:16px;font-weight:bold;font-style:normal;}.wp-block-kadence-advancedheading.kt-adv-heading3198_54746d-0f mark.kt-highlight, .wp-block-kadence-advancedheading.kt-adv-heading3198_54746d-0f[data-kb-block=\"kb-adv-heading3198_54746d-0f\"] mark.kt-highlight{font-style:normal;color:#f76a0c;-webkit-box-decoration-break:clone;box-decoration-break:clone;padding-top:0px;padding-right:0px;padding-bottom:0px;padding-left:0px;}.wp-block-kadence-advancedheading.kt-adv-heading3198_54746d-0f img.kb-inline-image, .wp-block-kadence-advancedheading.kt-adv-heading3198_54746d-0f[data-kb-block=\"kb-adv-heading3198_54746d-0f\"] img.kb-inline-image{width:150px;vertical-align:baseline;}<\/style>\n<div class=\"kt-adv-heading3198_54746d-0f wp-block-kadence-advancedheading\" data-kb-block=\"kb-adv-heading3198_54746d-0f\">Toutes nos recettes de Flans P\u00e2tissiers :<br\/><\/div>\n\n\n<style>.kb-posts-id-3198_d9220b-fd .kb-post-list-item{display:grid;}<\/style><p>Keine Beitr\u00e4ge<\/p>\n\n<style>.kb-row-layout-id3198_539c37-02 > .kt-row-column-wrap{align-content:start;}:where(.kb-row-layout-id3198_539c37-02 > .kt-row-column-wrap) > .wp-block-kadence-column{justify-content:start;}.kb-row-layout-id3198_539c37-02 > .kt-row-column-wrap{column-gap:var(--global-kb-gap-md, 2rem);row-gap:var(--global-kb-gap-md, 2rem);padding-top:var(--global-kb-spacing-sm, 1.5rem);padding-bottom:var(--global-kb-spacing-sm, 1.5rem);grid-template-columns:minmax(0, 1fr);}.kb-row-layout-id3198_539c37-02 > .kt-row-layout-overlay{opacity:0.30;}@media all and (max-width: 1024px){.kb-row-layout-id3198_539c37-02 > .kt-row-column-wrap{grid-template-columns:minmax(0, 1fr);}}@media all and (max-width: 767px){.kb-row-layout-id3198_539c37-02 > .kt-row-column-wrap{grid-template-columns:minmax(0, 1fr);}}<\/style><div class=\"kb-row-layout-wrap kb-row-layout-id3198_539c37-02 alignnone wp-block-kadence-rowlayout\"><div class=\"kt-row-column-wrap kt-has-1-columns kt-row-layout-equal kt-tab-layout-inherit kt-mobile-layout-row kt-row-valign-top\">\n<style>.kadence-column3198_733d4e-3e > .kt-inside-inner-col,.kadence-column3198_733d4e-3e > .kt-inside-inner-col:before{border-top-left-radius:0px;border-top-right-radius:0px;border-bottom-right-radius:0px;border-bottom-left-radius:0px;}.kadence-column3198_733d4e-3e > .kt-inside-inner-col{column-gap:var(--global-kb-gap-sm, 1rem);}.kadence-column3198_733d4e-3e > .kt-inside-inner-col{flex-direction:column;}.kadence-column3198_733d4e-3e > .kt-inside-inner-col > .aligncenter{width:100%;}.kadence-column3198_733d4e-3e > .kt-inside-inner-col:before{opacity:0.3;}.kadence-column3198_733d4e-3e{position:relative;}@media all and (max-width: 1024px){.kadence-column3198_733d4e-3e > .kt-inside-inner-col{flex-direction:column;justify-content:center;}}@media all and (max-width: 767px){.kadence-column3198_733d4e-3e > .kt-inside-inner-col{flex-direction:column;justify-content:center;}}<\/style>\n<div class=\"wp-block-kadence-column kadence-column3198_733d4e-3e\"><div class=\"kt-inside-inner-col\">\n<div class=\"faq-section-wrapper\">\n    <h2 class=\"faq-main-title\">Alle unsere Tipps f\u00fcr die Zubereitung eines perfekten Vanillepuddings \ud83c\udf6e<\/h2>\n    <div class=\"faq-custom-styled\">\n        \n        <div class=\"faq-row\">\n            <button class=\"faq-trigger\">Worin besteht der Unterschied zwischen einer Vanilletorte und einem Pariser Flan?<\/button>\n            <div class=\"faq-content\">\n                <p>Streng genommen gibt es keinen gro\u00dfen Unterschied. Der Begriff <strong>\u201ePariser Flan\u201c<\/strong> bezeichnet oft den traditionellen Flan mit M\u00fcrbeteigboden oder Bl\u00e4tterteig, w\u00e4hrend \u201e <strong>Pastetenflan\u201c<\/strong> die allgemeine Bezeichnung f\u00fcr Geb\u00e4ck ist. In beiden F\u00e4llen ist eine dichte, zartschmelzende Konsistenz mit einer leicht gebr\u00e4unten Oberfl\u00e4che erw\u00fcnscht.  <\/p>\n            <\/div>\n        <\/div>\n        \n        <div class=\"faq-row\">\n            <button class=\"faq-trigger\">Warum tritt aus meiner Vanilletorte nach dem Backen Wasser aus?<\/button>\n            <div class=\"faq-content\">\n                <p>Dieses Ph\u00e4nomen, Syn\u00e4rese genannt, tritt h\u00e4ufig nach zu langem Kochen oder bei zu hoher Temperatur auf, wodurch die Mischung kocht. Um dies zu vermeiden, verwenden Sie <strong>Vollmilch<\/strong> statt teilentrahmter Milch und lassen Sie den Flan vollst\u00e4ndig auf Zimmertemperatur abk\u00fchlen, bevor Sie ihn f\u00fcr mindestens 6 Stunden in den K\u00fchlschrank stellen. <\/p>\n            <\/div>\n        <\/div>\n\n        <div class=\"faq-row\">\n            <button class=\"faq-trigger\">Wie bekommt man die schwarze, gl\u00e4nzende Haut auf dem Flan hin?<\/button>\n            <div class=\"faq-content\">\n                <p>Dieser d\u00fcnne, braune Film ist das Markenzeichen eines guten Flans. Er entsteht auf nat\u00fcrliche Weise durch die Karamellisierung des Zuckers in Milch und Eiern (Maillard-Reaktion). F\u00fcr einen professionellen Glanz k\u00f6nnen Sie den kalten Flan direkt nach dem Backen mit etwas leicht erw\u00e4rmtem <strong>hellem Zuckerguss<\/strong> oder Aprikosengelee bestreichen.  <\/p>\n            <\/div>\n        <\/div>\n\n        <div class=\"faq-row\">\n            <button class=\"faq-trigger\">Soll ich M\u00fcrbeteig oder Bl\u00e4tterteig verwenden?<\/button>\n            <div class=\"faq-content\">\n                <p>Das ist Geschmackssache! <strong>M\u00fcrbeteig<\/strong> verleiht dem Flan einen authentischen Touch und beh\u00e4lt beim Schneiden besser seine Form. <strong>Bl\u00e4tterteig<\/strong> ist reichhaltiger und bildet einen st\u00e4rkeren Texturkontrast zum cremigen Flan. Wer es lieber etwas leichter mag, kann den Flan auch ohne Teigboden direkt in einer gut gefetteten Form backen.   <\/p>\n            <\/div>\n        <\/div>\n\n        <div class=\"faq-row\">\n            <button class=\"faq-trigger\">Was ist das Geheimnis einer perfekt hohen Vanilletorte?<\/button>\n            <div class=\"faq-content\">\n                <p>F\u00fcr einen so \u00fcppigen Flan wie vom B\u00e4cker ist das Geheimnis eine <strong>Form mit hohem Rand<\/strong> und kleinem Durchmesser (18 bis 20 cm Durchmesser und 5 bis 6 cm H\u00f6he). Dadurch l\u00e4sst sich die Masse konzentrieren und erh\u00e4lt beim Anschneiden eine herrlich dicke Schicht, ohne dass die R\u00e4nder einsinken. <\/p>\n            <\/div>\n        <\/div>\n\n    <\/div>\n<\/div>\n<\/div><\/div>\n\n<\/div><\/div><\/div><\/div>\n\n<\/div><\/div>","protected":false},"excerpt":{"rendered":"<p>Franz\u00f6sischer Puddingkuchen: Unsere einfachen und k\u00f6stlichen Rezepte \ud83c\udf6e Auf dieser Seite verrate ich meine Geheimnisse f\u00fcr einen Flan mit perfekter Konsistenz: Schluss mit w\u00e4ssrigem oder fl\u00fcssigem Flan! Entdecken Sie unsere schnellen und einfachen Rezepte, mit denen Sie dieses klassische Geb\u00e4ck ganz einfach zu Hause zubereiten k\u00f6nnen \u2013 mit Zutaten, die Sie wahrscheinlich schon in Ihrer [&hellip;]<\/p>\n","protected":false},"author":1,"featured_media":5279,"parent":0,"menu_order":0,"comment_status":"closed","ping_status":"closed","template":"","meta":{"_acf_changed":false,"footnotes":""},"class_list":["post-5278","page","type-page","status-publish","has-post-thumbnail","hentry"],"blocksy_meta":{"has_hero_section":"disabled","styles_descriptor":{"styles":{"desktop":"","tablet":"","mobile":""},"google_fonts":[],"version":6}},"acf":[],"yoast_head":"<!-- This site is optimized with the Yoast SEO plugin v27.4 - https:\/\/yoast.com\/product\/yoast-seo-wordpress\/ -->\n<title>Franz\u00f6sischer Puddingkuchen - Easy French Desserts<\/title>\n<meta name=\"robots\" content=\"index, follow, max-snippet:-1, max-image-preview:large, max-video-preview:-1\" \/>\n<link rel=\"canonical\" href=\"https:\/\/www.easyfrenchdesserts.com\/de\/franzoesischer-flan\/\" \/>\n<meta property=\"og:locale\" content=\"de_DE\" \/>\n<meta property=\"og:type\" content=\"article\" \/>\n<meta property=\"og:title\" content=\"Franz\u00f6sischer Puddingkuchen - Easy French Desserts\" \/>\n<meta property=\"og:description\" content=\"Franz\u00f6sischer Puddingkuchen: Unsere einfachen und k\u00f6stlichen Rezepte \ud83c\udf6e Auf dieser Seite verrate ich meine Geheimnisse f\u00fcr einen Flan mit perfekter Konsistenz: Schluss mit w\u00e4ssrigem oder fl\u00fcssigem Flan! Entdecken Sie unsere schnellen und einfachen Rezepte, mit denen Sie dieses klassische Geb\u00e4ck ganz einfach zu Hause zubereiten k\u00f6nnen \u2013 mit Zutaten, die Sie wahrscheinlich schon in Ihrer [&hellip;]\" \/>\n<meta property=\"og:url\" content=\"https:\/\/www.easyfrenchdesserts.com\/de\/franzoesischer-flan\/\" \/>\n<meta property=\"og:site_name\" content=\"Easy French Desserts\" \/>\n<meta property=\"article:publisher\" content=\"https:\/\/www.facebook.com\/EasyFrenchDesserts\" \/>\n<meta property=\"article:modified_time\" content=\"2026-02-27T13:56:28+00:00\" \/>\n<meta property=\"og:image\" content=\"https:\/\/www.easyfrenchdesserts.com\/wp-content\/uploads\/2025\/12\/Flan-pistache-.jpg\" \/>\n\t<meta property=\"og:image:width\" content=\"1184\" \/>\n\t<meta property=\"og:image:height\" content=\"864\" \/>\n\t<meta property=\"og:image:type\" content=\"image\/jpeg\" \/>\n<meta name=\"twitter:card\" content=\"summary_large_image\" \/>\n<meta name=\"twitter:label1\" content=\"Gesch\u00e4tzte Lesezeit\" \/>\n\t<meta name=\"twitter:data1\" content=\"2\u00a0Minuten\" \/>\n<script type=\"application\/ld+json\" class=\"yoast-schema-graph\">{\"@context\":\"https:\\\/\\\/schema.org\",\"@graph\":[{\"@type\":\"WebPage\",\"@id\":\"https:\\\/\\\/www.easyfrenchdesserts.com\\\/de\\\/franzoesischer-flan\\\/\",\"url\":\"https:\\\/\\\/www.easyfrenchdesserts.com\\\/de\\\/franzoesischer-flan\\\/\",\"name\":\"Franz\u00f6sischer Puddingkuchen - Easy French Desserts\",\"isPartOf\":{\"@id\":\"https:\\\/\\\/www.easyfrenchdesserts.com\\\/de\\\/#website\"},\"primaryImageOfPage\":{\"@id\":\"https:\\\/\\\/www.easyfrenchdesserts.com\\\/de\\\/franzoesischer-flan\\\/#primaryimage\"},\"image\":{\"@id\":\"https:\\\/\\\/www.easyfrenchdesserts.com\\\/de\\\/franzoesischer-flan\\\/#primaryimage\"},\"thumbnailUrl\":\"https:\\\/\\\/www.easyfrenchdesserts.com\\\/wp-content\\\/uploads\\\/2025\\\/12\\\/Flan-pistache-.jpg\",\"datePublished\":\"2026-01-08T13:59:39+00:00\",\"dateModified\":\"2026-02-27T13:56:28+00:00\",\"breadcrumb\":{\"@id\":\"https:\\\/\\\/www.easyfrenchdesserts.com\\\/de\\\/franzoesischer-flan\\\/#breadcrumb\"},\"inLanguage\":\"de\",\"potentialAction\":[{\"@type\":\"ReadAction\",\"target\":[\"https:\\\/\\\/www.easyfrenchdesserts.com\\\/de\\\/franzoesischer-flan\\\/\"]}]},{\"@type\":\"ImageObject\",\"inLanguage\":\"de\",\"@id\":\"https:\\\/\\\/www.easyfrenchdesserts.com\\\/de\\\/franzoesischer-flan\\\/#primaryimage\",\"url\":\"https:\\\/\\\/www.easyfrenchdesserts.com\\\/wp-content\\\/uploads\\\/2025\\\/12\\\/Flan-pistache-.jpg\",\"contentUrl\":\"https:\\\/\\\/www.easyfrenchdesserts.com\\\/wp-content\\\/uploads\\\/2025\\\/12\\\/Flan-pistache-.jpg\",\"width\":1184,\"height\":864,\"caption\":\"Einfaches Rezept f\u00fcr Pistazien-Vanillepudding\"},{\"@type\":\"BreadcrumbList\",\"@id\":\"https:\\\/\\\/www.easyfrenchdesserts.com\\\/de\\\/franzoesischer-flan\\\/#breadcrumb\",\"itemListElement\":[{\"@type\":\"ListItem\",\"position\":1,\"name\":\"Accueil\",\"item\":\"https:\\\/\\\/www.easyfrenchdesserts.com\\\/de\\\/home\\\/\"},{\"@type\":\"ListItem\",\"position\":2,\"name\":\"Franz\u00f6sischer Puddingkuchen\"}]},{\"@type\":\"WebSite\",\"@id\":\"https:\\\/\\\/www.easyfrenchdesserts.com\\\/de\\\/#website\",\"url\":\"https:\\\/\\\/www.easyfrenchdesserts.com\\\/de\\\/\",\"name\":\"Easy French Desserts\",\"description\":\"Des recettes de desserts simples et facile \u00e0 r\u00e9aliser\",\"publisher\":{\"@id\":\"https:\\\/\\\/www.easyfrenchdesserts.com\\\/de\\\/#organization\"},\"potentialAction\":[{\"@type\":\"SearchAction\",\"target\":{\"@type\":\"EntryPoint\",\"urlTemplate\":\"https:\\\/\\\/www.easyfrenchdesserts.com\\\/de\\\/?s={search_term_string}\"},\"query-input\":{\"@type\":\"PropertyValueSpecification\",\"valueRequired\":true,\"valueName\":\"search_term_string\"}}],\"inLanguage\":\"de\"},{\"@type\":\"Organization\",\"@id\":\"https:\\\/\\\/www.easyfrenchdesserts.com\\\/de\\\/#organization\",\"name\":\"Easy French Desserts\",\"url\":\"https:\\\/\\\/www.easyfrenchdesserts.com\\\/de\\\/\",\"logo\":{\"@type\":\"ImageObject\",\"inLanguage\":\"de\",\"@id\":\"https:\\\/\\\/www.easyfrenchdesserts.com\\\/de\\\/#\\\/schema\\\/logo\\\/image\\\/\",\"url\":\"https:\\\/\\\/www.easyfrenchdesserts.com\\\/wp-content\\\/uploads\\\/2025\\\/12\\\/EasyFrenchDesserts-copie-2.png\",\"contentUrl\":\"https:\\\/\\\/www.easyfrenchdesserts.com\\\/wp-content\\\/uploads\\\/2025\\\/12\\\/EasyFrenchDesserts-copie-2.png\",\"width\":460,\"height\":80,\"caption\":\"Easy French Desserts\"},\"image\":{\"@id\":\"https:\\\/\\\/www.easyfrenchdesserts.com\\\/de\\\/#\\\/schema\\\/logo\\\/image\\\/\"},\"sameAs\":[\"https:\\\/\\\/www.facebook.com\\\/EasyFrenchDesserts\",\"https:\\\/\\\/www.instagram.com\\\/easyfrenchdesserts\\\/\"]}]}<\/script>\n<!-- \/ Yoast SEO plugin. -->","yoast_head_json":{"title":"Franz\u00f6sischer Puddingkuchen - Easy French Desserts","robots":{"index":"index","follow":"follow","max-snippet":"max-snippet:-1","max-image-preview":"max-image-preview:large","max-video-preview":"max-video-preview:-1"},"canonical":"https:\/\/www.easyfrenchdesserts.com\/de\/franzoesischer-flan\/","og_locale":"de_DE","og_type":"article","og_title":"Franz\u00f6sischer Puddingkuchen - Easy French Desserts","og_description":"Franz\u00f6sischer Puddingkuchen: Unsere einfachen und k\u00f6stlichen Rezepte \ud83c\udf6e Auf dieser Seite verrate ich meine Geheimnisse f\u00fcr einen Flan mit perfekter Konsistenz: Schluss mit w\u00e4ssrigem oder fl\u00fcssigem Flan! Entdecken Sie unsere schnellen und einfachen Rezepte, mit denen Sie dieses klassische Geb\u00e4ck ganz einfach zu Hause zubereiten k\u00f6nnen \u2013 mit Zutaten, die Sie wahrscheinlich schon in Ihrer [&hellip;]","og_url":"https:\/\/www.easyfrenchdesserts.com\/de\/franzoesischer-flan\/","og_site_name":"Easy French Desserts","article_publisher":"https:\/\/www.facebook.com\/EasyFrenchDesserts","article_modified_time":"2026-02-27T13:56:28+00:00","og_image":[{"width":1184,"height":864,"url":"https:\/\/www.easyfrenchdesserts.com\/wp-content\/uploads\/2025\/12\/Flan-pistache-.jpg","type":"image\/jpeg"}],"twitter_card":"summary_large_image","twitter_misc":{"Gesch\u00e4tzte Lesezeit":"2\u00a0Minuten"},"schema":{"@context":"https:\/\/schema.org","@graph":[{"@type":"WebPage","@id":"https:\/\/www.easyfrenchdesserts.com\/de\/franzoesischer-flan\/","url":"https:\/\/www.easyfrenchdesserts.com\/de\/franzoesischer-flan\/","name":"Franz\u00f6sischer Puddingkuchen - Easy French Desserts","isPartOf":{"@id":"https:\/\/www.easyfrenchdesserts.com\/de\/#website"},"primaryImageOfPage":{"@id":"https:\/\/www.easyfrenchdesserts.com\/de\/franzoesischer-flan\/#primaryimage"},"image":{"@id":"https:\/\/www.easyfrenchdesserts.com\/de\/franzoesischer-flan\/#primaryimage"},"thumbnailUrl":"https:\/\/www.easyfrenchdesserts.com\/wp-content\/uploads\/2025\/12\/Flan-pistache-.jpg","datePublished":"2026-01-08T13:59:39+00:00","dateModified":"2026-02-27T13:56:28+00:00","breadcrumb":{"@id":"https:\/\/www.easyfrenchdesserts.com\/de\/franzoesischer-flan\/#breadcrumb"},"inLanguage":"de","potentialAction":[{"@type":"ReadAction","target":["https:\/\/www.easyfrenchdesserts.com\/de\/franzoesischer-flan\/"]}]},{"@type":"ImageObject","inLanguage":"de","@id":"https:\/\/www.easyfrenchdesserts.com\/de\/franzoesischer-flan\/#primaryimage","url":"https:\/\/www.easyfrenchdesserts.com\/wp-content\/uploads\/2025\/12\/Flan-pistache-.jpg","contentUrl":"https:\/\/www.easyfrenchdesserts.com\/wp-content\/uploads\/2025\/12\/Flan-pistache-.jpg","width":1184,"height":864,"caption":"Einfaches Rezept f\u00fcr Pistazien-Vanillepudding"},{"@type":"BreadcrumbList","@id":"https:\/\/www.easyfrenchdesserts.com\/de\/franzoesischer-flan\/#breadcrumb","itemListElement":[{"@type":"ListItem","position":1,"name":"Accueil","item":"https:\/\/www.easyfrenchdesserts.com\/de\/home\/"},{"@type":"ListItem","position":2,"name":"Franz\u00f6sischer Puddingkuchen"}]},{"@type":"WebSite","@id":"https:\/\/www.easyfrenchdesserts.com\/de\/#website","url":"https:\/\/www.easyfrenchdesserts.com\/de\/","name":"Easy French Desserts","description":"Des recettes de desserts simples et facile \u00e0 r\u00e9aliser","publisher":{"@id":"https:\/\/www.easyfrenchdesserts.com\/de\/#organization"},"potentialAction":[{"@type":"SearchAction","target":{"@type":"EntryPoint","urlTemplate":"https:\/\/www.easyfrenchdesserts.com\/de\/?s={search_term_string}"},"query-input":{"@type":"PropertyValueSpecification","valueRequired":true,"valueName":"search_term_string"}}],"inLanguage":"de"},{"@type":"Organization","@id":"https:\/\/www.easyfrenchdesserts.com\/de\/#organization","name":"Easy French Desserts","url":"https:\/\/www.easyfrenchdesserts.com\/de\/","logo":{"@type":"ImageObject","inLanguage":"de","@id":"https:\/\/www.easyfrenchdesserts.com\/de\/#\/schema\/logo\/image\/","url":"https:\/\/www.easyfrenchdesserts.com\/wp-content\/uploads\/2025\/12\/EasyFrenchDesserts-copie-2.png","contentUrl":"https:\/\/www.easyfrenchdesserts.com\/wp-content\/uploads\/2025\/12\/EasyFrenchDesserts-copie-2.png","width":460,"height":80,"caption":"Easy French Desserts"},"image":{"@id":"https:\/\/www.easyfrenchdesserts.com\/de\/#\/schema\/logo\/image\/"},"sameAs":["https:\/\/www.facebook.com\/EasyFrenchDesserts","https:\/\/www.instagram.com\/easyfrenchdesserts\/"]}]}},"_links":{"self":[{"href":"https:\/\/www.easyfrenchdesserts.com\/de\/wp-json\/wp\/v2\/pages\/5278","targetHints":{"allow":["GET"]}}],"collection":[{"href":"https:\/\/www.easyfrenchdesserts.com\/de\/wp-json\/wp\/v2\/pages"}],"about":[{"href":"https:\/\/www.easyfrenchdesserts.com\/de\/wp-json\/wp\/v2\/types\/page"}],"author":[{"embeddable":true,"href":"https:\/\/www.easyfrenchdesserts.com\/de\/wp-json\/wp\/v2\/users\/1"}],"replies":[{"embeddable":true,"href":"https:\/\/www.easyfrenchdesserts.com\/de\/wp-json\/wp\/v2\/comments?post=5278"}],"version-history":[{"count":1,"href":"https:\/\/www.easyfrenchdesserts.com\/de\/wp-json\/wp\/v2\/pages\/5278\/revisions"}],"predecessor-version":[{"id":5280,"href":"https:\/\/www.easyfrenchdesserts.com\/de\/wp-json\/wp\/v2\/pages\/5278\/revisions\/5280"}],"wp:featuredmedia":[{"embeddable":true,"href":"https:\/\/www.easyfrenchdesserts.com\/de\/wp-json\/wp\/v2\/media\/5279"}],"wp:attachment":[{"href":"https:\/\/www.easyfrenchdesserts.com\/de\/wp-json\/wp\/v2\/media?parent=5278"}],"curies":[{"name":"wp","href":"https:\/\/api.w.org\/{rel}","templated":true}]}}